{"id":4240,"date":"2024-06-12T14:11:57","date_gmt":"2024-06-12T12:11:57","guid":{"rendered":"https:\/\/help.mediaboard.com\/?page_id=4240"},"modified":"2024-07-11T15:59:03","modified_gmt":"2024-07-11T13:59:03","slug":"ave-i-sentyment","status":"publish","type":"page","link":"https:\/\/help.mediaboard.com\/pl\/mediaboard\/media-services\/ave-i-sentyment\/","title":{"rendered":"AVE i sentyment"},"content":{"rendered":"\n<p class=\"has-text-color has-large-font-size\" style=\"color:#0b62ff\"><strong>AVE i sentyment<\/strong><\/p>\n\n\n\n<p>Wska\u017anik AVE (Advertising Value Equivalent) reprezentuje finansow\u0105 ocen\u0119 dzia\u0142a\u0144 medi\u00f3w. Jest to r\u00f3wnowarto\u015b\u0107 tego, ile kosztowa\u0142oby miejsce uzyskane przez tre\u015b\u0107 w kontek\u015bcie warto\u015bci przestrzeni reklamowej, zgodnie z cennikiem danego medium.<\/p>\n\n\n\n<p><strong>Do masowego obliczania wska\u017anika AVE u\u017cywamy nast\u0119puj\u0105cych zmiennych:<\/strong><\/p>\n\n\n\n<ul><li>cena jednostkowa reklamy w danym medium (np. cena za standardow\u0105 stron\u0119 w prasie \/ 1 sekunda emisji wiadomo\u015bci w telewizji lub radiu)<\/li><li>wielko\u015b\u0107 materia\u0142u w prasie \/ d\u0142ugo\u015b\u0107 reporta\u017cu w telewizji lub radiu<\/li><li>ilo\u015b\u0107 informacji po\u015bwi\u0119conych tematowi w ramach artyku\u0142u<\/li><\/ul>\n\n\n\n<p>W Mediaboardzie mo\u017cemy automatycznie oblicza\u0107 AVE dla wi\u0119kszo\u015bci materia\u0142\u00f3w, dla kt\u00f3rych posiadamy niezb\u0119dne dane. Je\u015bli jeste\u015b zainteresowany t\u0105 us\u0142ug\u0105, po prostu daj nam zna\u0107! Mo\u017cesz wypr\u00f3bowa\u0107 t\u0119 us\u0142ug\u0119 rozszerzenia jak wszystkie inne us\u0142ugi rozszerzenia.<\/p>\n\n\n\n<p class=\"has-text-color has-large-font-size\" style=\"color:#0b62ff\"><strong>Sentyment<\/strong><\/p>\n\n\n\n<p>Automatyczny sentyment to doskona\u0142a us\u0142uga, je\u015bli potrzebujesz tworzy\u0107 analiz\u0119 medi\u00f3w z wynik\u00f3w lub dalej pracowa\u0107 z wynikami. Mediaboard mo\u017ce wykorzysta\u0107 uczenie maszynowe i baz\u0119 danych s\u0142ownik\u00f3w do okre\u015blenia sentymentu materia\u0142u, a nast\u0119pnie przypisa\u0107 go do materia\u0142u za pomoc\u0105 emotikon\u00f3w:<br><\/p>\n\n\n\n<div class=\"wp-block-image\"><figure class=\"aligncenter size-large\"><img loading=\"lazy\" width=\"1843\" height=\"494\" src=\"https:\/\/help.mediaboard.com\/wp-content\/uploads\/\/2023\/10\/Untitled-design-16-1.svg\" alt=\"\" class=\"wp-image-4243\"\/><\/figure><\/div>\n\n\n\n<p><strong>Je\u015bli jeste\u015b zainteresowany t\u0105 us\u0142ug\u0105, po prostu daj nam zna\u0107! Tak jak wszystkie inne us\u0142ugi rozszerzenia, mo\u017cesz wypr\u00f3bowa\u0107 t\u0119 us\u0142ug\u0119 rozszerzenia bez zobowi\u0105za\u0144.<\/strong><\/p>\n","protected":false},"excerpt":{"rendered":"<p>AVE i sentyment Wska\u017anik AVE (Advertising Value Equivalent) reprezentuje finansow\u0105 ocen\u0119 dzia\u0142a\u0144 medi\u00f3w. Jest to r\u00f3wnowarto\u015b\u0107 tego, ile kosztowa\u0142oby miejsce uzyskane przez tre\u015b\u0107 w kontek\u015bcie&#8230;<\/p>\n","protected":false},"author":1,"featured_media":0,"parent":4224,"menu_order":0,"comment_status":"closed","ping_status":"closed","template":"","meta":[],"_links":{"self":[{"href":"https:\/\/help.mediaboard.com\/pl\/wp-json\/wp\/v2\/pages\/4240\/"}],"collection":[{"href":"https:\/\/help.mediaboard.com\/pl\/wp-json\/wp\/v2\/pages\/"}],"about":[{"href":"https:\/\/help.mediaboard.com\/pl\/wp-json\/wp\/v2\/types\/page\/"}],"author":[{"embeddable":true,"href":"https:\/\/help.mediaboard.com\/pl\/wp-json\/wp\/v2\/users\/1\/"}],"replies":[{"embeddable":true,"href":"https:\/\/help.mediaboard.com\/pl\/wp-json\/wp\/v2\/comments\/?post=4240"}],"version-history":[{"count":10,"href":"https:\/\/help.mediaboard.com\/pl\/wp-json\/wp\/v2\/pages\/4240\/revisions\/"}],"predecessor-version":[{"id":4353,"href":"https:\/\/help.mediaboard.com\/pl\/wp-json\/wp\/v2\/pages\/4240\/revisions\/4353\/"}],"up":[{"embeddable":true,"href":"https:\/\/help.mediaboard.com\/pl\/wp-json\/wp\/v2\/pages\/4224\/"}],"wp:attachment":[{"href":"https:\/\/help.mediaboard.com\/pl\/wp-json\/wp\/v2\/media\/?parent=4240"}],"curies":[{"name":"wp","href":"https:\/\/api.w.org\/{rel}","templated":true}]}}