{"id":4253,"date":"2024-06-12T14:14:28","date_gmt":"2024-06-12T12:14:28","guid":{"rendered":"https:\/\/help.mediaboard.com\/?page_id=4253"},"modified":"2024-06-12T14:14:29","modified_gmt":"2024-06-12T12:14:29","slug":"spersonalizowany-newsletter","status":"publish","type":"page","link":"https:\/\/help.mediaboard.com\/pl\/mediaboard\/media-services\/spersonalizowany-newsletter\/","title":{"rendered":"Spersonalizowany newsletter"},"content":{"rendered":"\n<p>Czy potrzebujesz \u015bledzi\u0107 wiele temat\u00f3w i w rezultacie otrzymujesz du\u017co wynik\u00f3w? Czy tw\u00f3j raport mailowy staje si\u0119 zat\u0142oczony i zajmuje du\u017co czasu na przejrzenie? Dlatego oferujemy spersonalizowany newsletter.<\/p>\n\n\n\n<p>Nasz analityk medialny codziennie rano przejrzy wyniki i napisze kr\u00f3tkie podsumowanie po polsku lub angielsku bezpo\u015brednio w nag\u0142\u00f3wku twojego raportu. Jest to szczeg\u00f3lnie przydatne, gdy otrzymujesz wiele wynik\u00f3w dziennie i trudno jest si\u0119 przez nie przebrn\u0105\u0107 i znale\u017a\u0107 to, co jest interesuj\u0105ce, lub je\u015bli musisz przekaza\u0107 innym osobom tylko podsumowanie g\u0142\u00f3wnych wynik\u00f3w, a nie wszystkie.<\/p>\n\n\n\n<p>Analityk mo\u017ce r\u00f3wnie\u017c r\u0119cznie sortowa\u0107, kategoryzowa\u0107, przegl\u0105da\u0107, tagowa\u0107, okre\u015bla\u0107 sentyment lub dystrybuowa\u0107 wyniki wskazanym osobom.<\/p>\n\n\n\n<p><br><\/p>\n","protected":false},"excerpt":{"rendered":"<p>Czy potrzebujesz \u015bledzi\u0107 wiele temat\u00f3w i w rezultacie otrzymujesz du\u017co wynik\u00f3w? Czy tw\u00f3j raport mailowy staje si\u0119 zat\u0142oczony i zajmuje du\u017co czasu na przejrzenie? Dlatego&#8230;<\/p>\n","protected":false},"author":1,"featured_media":0,"parent":4224,"menu_order":0,"comment_status":"closed","ping_status":"closed","template":"","meta":[],"_links":{"self":[{"href":"https:\/\/help.mediaboard.com\/pl\/wp-json\/wp\/v2\/pages\/4253\/"}],"collection":[{"href":"https:\/\/help.mediaboard.com\/pl\/wp-json\/wp\/v2\/pages\/"}],"about":[{"href":"https:\/\/help.mediaboard.com\/pl\/wp-json\/wp\/v2\/types\/page\/"}],"author":[{"embeddable":true,"href":"https:\/\/help.mediaboard.com\/pl\/wp-json\/wp\/v2\/users\/1\/"}],"replies":[{"embeddable":true,"href":"https:\/\/help.mediaboard.com\/pl\/wp-json\/wp\/v2\/comments\/?post=4253"}],"version-history":[{"count":2,"href":"https:\/\/help.mediaboard.com\/pl\/wp-json\/wp\/v2\/pages\/4253\/revisions\/"}],"predecessor-version":[{"id":4255,"href":"https:\/\/help.mediaboard.com\/pl\/wp-json\/wp\/v2\/pages\/4253\/revisions\/4255\/"}],"up":[{"embeddable":true,"href":"https:\/\/help.mediaboard.com\/pl\/wp-json\/wp\/v2\/pages\/4224\/"}],"wp:attachment":[{"href":"https:\/\/help.mediaboard.com\/pl\/wp-json\/wp\/v2\/media\/?parent=4253"}],"curies":[{"name":"wp","href":"https:\/\/api.w.org\/{rel}","templated":true}]}}