{"id":4256,"date":"2024-06-12T14:16:19","date_gmt":"2024-06-12T12:16:19","guid":{"rendered":"https:\/\/help.mediaboard.com\/?page_id=4256"},"modified":"2024-06-12T14:16:47","modified_gmt":"2024-06-12T12:16:47","slug":"raport-medialny","status":"publish","type":"page","link":"https:\/\/help.mediaboard.com\/pl\/mediaboard\/media-services\/raport-medialny\/","title":{"rendered":"Raport medialny"},"content":{"rendered":"\n<p>Analiza medi\u00f3w to strukturalna i klarowna analiza obrazu, jaki media tworz\u0105 na temat badanego przedmiotu lub zagadnienia w okre\u015blonym okresie czasu. Mapuje zawarto\u015b\u0107, tematyczn\u0105 i czasow\u0105 struktur\u0119 prezentacji medi\u00f3w na dany temat przez okre\u015blony okres czasu na wybranej pr\u00f3bie medi\u00f3w. Przedmiotem analizy mog\u0105 by\u0107 podmiot gospodarczy, wydarzenie, osoba lub miejsce.<\/p>\n\n\n\n<p>Analizy medi\u00f3w s\u0105 tworzone zgodnie z indywidualnymi wymaganiami i mo\u017cna je wybiera\u0107 spo\u015br\u00f3d dziesi\u0105tek kryteri\u00f3w, kt\u00f3re odpowiadaj\u0105 standardowej mi\u0119dzynarodowej metodologii.<\/p>\n\n\n\n<p>Analizy medi\u00f3w ujawniaj\u0105 g\u0142\u0119bsze zwi\u0105zki, uwydatniaj\u0105 trendy, potwierdzaj\u0105 lub obalaj\u0105 hipotezy, dostarczaj\u0105 informacji ilo\u015bciowych i jako\u015bciowych, u\u0142atwiaj\u0105 podejmowanie strategicznych decyzji.<\/p>\n\n\n\n<p><\/p>\n\n\n\n<p class=\"has-text-color\" style=\"color:#0ca8d0;font-size:25px\"><strong><meta charset=\"utf-8\">Podstawowe parametry analizy obejmuj\u0105:<\/strong><\/p>\n\n\n\n<ul><li>Rozw\u00f3j pokrycia medi\u00f3w \u2013 czasowy rozw\u00f3j pokrycia medi\u00f3w analizowanego tematu.<\/li><li>Liczba wzmianek wed\u0142ug rodzaju medi\u00f3w<\/li><li>Sentyment<\/li><li>AVE, GRP, OTS<\/li><li>G\u0142\u00f3wne \u017ar\u00f3d\u0142a i wydawcy, kt\u00f3re najcz\u0119\u015bciej poruszaj\u0105 temat, przedmiot<\/li><li>G\u0142\u00f3wni autorzy<\/li><li>Tematyczna analiza pokrycia medi\u00f3w<\/li><li>Por\u00f3wnanie z konkurentami<\/li><li>Share of voice<\/li><\/ul>\n\n\n\n<p><\/p>\n\n\n\n<p><\/p>\n","protected":false},"excerpt":{"rendered":"<p>Analiza medi\u00f3w to strukturalna i klarowna analiza obrazu, jaki media tworz\u0105 na temat badanego przedmiotu lub zagadnienia w okre\u015blonym okresie czasu. Mapuje zawarto\u015b\u0107, tematyczn\u0105 i&#8230;<\/p>\n","protected":false},"author":1,"featured_media":0,"parent":4224,"menu_order":0,"comment_status":"closed","ping_status":"closed","template":"","meta":[],"_links":{"self":[{"href":"https:\/\/help.mediaboard.com\/pl\/wp-json\/wp\/v2\/pages\/4256\/"}],"collection":[{"href":"https:\/\/help.mediaboard.com\/pl\/wp-json\/wp\/v2\/pages\/"}],"about":[{"href":"https:\/\/help.mediaboard.com\/pl\/wp-json\/wp\/v2\/types\/page\/"}],"author":[{"embeddable":true,"href":"https:\/\/help.mediaboard.com\/pl\/wp-json\/wp\/v2\/users\/1\/"}],"replies":[{"embeddable":true,"href":"https:\/\/help.mediaboard.com\/pl\/wp-json\/wp\/v2\/comments\/?post=4256"}],"version-history":[{"count":2,"href":"https:\/\/help.mediaboard.com\/pl\/wp-json\/wp\/v2\/pages\/4256\/revisions\/"}],"predecessor-version":[{"id":4261,"href":"https:\/\/help.mediaboard.com\/pl\/wp-json\/wp\/v2\/pages\/4256\/revisions\/4261\/"}],"up":[{"embeddable":true,"href":"https:\/\/help.mediaboard.com\/pl\/wp-json\/wp\/v2\/pages\/4224\/"}],"wp:attachment":[{"href":"https:\/\/help.mediaboard.com\/pl\/wp-json\/wp\/v2\/media\/?parent=4256"}],"curies":[{"name":"wp","href":"https:\/\/api.w.org\/{rel}","templated":true}]}}