{"id":4262,"date":"2024-06-12T14:17:20","date_gmt":"2024-06-12T12:17:20","guid":{"rendered":"https:\/\/help.mediaboard.com\/?page_id=4262"},"modified":"2024-06-12T14:17:24","modified_gmt":"2024-06-12T12:17:24","slug":"alerty-sms","status":"publish","type":"page","link":"https:\/\/help.mediaboard.com\/pl\/mediaboard\/media-services\/alerty-sms\/","title":{"rendered":"Alerty SMS"},"content":{"rendered":"\n<p>Mediaboard mo\u017ce r\u00f3wnie\u017c wysy\u0142a\u0107 powiadomienia SMS, je\u015bli pojawi si\u0119 artyku\u0142 na wa\u017cnym \u017ar\u00f3dle, zawiera na przyk\u0142ad imi\u0119 osoby publicznej itp., wysy\u0142amy Ci SMS-a i dowiadujesz si\u0119 o tym jako pierwszy.<\/p>\n\n\n\n<p>Powiadomienia SMS mo\u017cna ustawi\u0107 dla okre\u015blonego typu wiadomo\u015bci, na przyk\u0142ad tylko dla artyku\u0142\u00f3w negatywnych.<\/p>\n\n\n\n<p><br><\/p>\n","protected":false},"excerpt":{"rendered":"<p>Mediaboard mo\u017ce r\u00f3wnie\u017c wysy\u0142a\u0107 powiadomienia SMS, je\u015bli pojawi si\u0119 artyku\u0142 na wa\u017cnym \u017ar\u00f3dle, zawiera na przyk\u0142ad imi\u0119 osoby publicznej itp., wysy\u0142amy Ci SMS-a i dowiadujesz&#8230;<\/p>\n","protected":false},"author":1,"featured_media":0,"parent":4224,"menu_order":0,"comment_status":"closed","ping_status":"closed","template":"","meta":[],"_links":{"self":[{"href":"https:\/\/help.mediaboard.com\/pl\/wp-json\/wp\/v2\/pages\/4262\/"}],"collection":[{"href":"https:\/\/help.mediaboard.com\/pl\/wp-json\/wp\/v2\/pages\/"}],"about":[{"href":"https:\/\/help.mediaboard.com\/pl\/wp-json\/wp\/v2\/types\/page\/"}],"author":[{"embeddable":true,"href":"https:\/\/help.mediaboard.com\/pl\/wp-json\/wp\/v2\/users\/1\/"}],"replies":[{"embeddable":true,"href":"https:\/\/help.mediaboard.com\/pl\/wp-json\/wp\/v2\/comments\/?post=4262"}],"version-history":[{"count":2,"href":"https:\/\/help.mediaboard.com\/pl\/wp-json\/wp\/v2\/pages\/4262\/revisions\/"}],"predecessor-version":[{"id":4264,"href":"https:\/\/help.mediaboard.com\/pl\/wp-json\/wp\/v2\/pages\/4262\/revisions\/4264\/"}],"up":[{"embeddable":true,"href":"https:\/\/help.mediaboard.com\/pl\/wp-json\/wp\/v2\/pages\/4224\/"}],"wp:attachment":[{"href":"https:\/\/help.mediaboard.com\/pl\/wp-json\/wp\/v2\/media\/?parent=4262"}],"curies":[{"name":"wp","href":"https:\/\/api.w.org\/{rel}","templated":true}]}}