{"id":4265,"date":"2024-06-13T09:08:38","date_gmt":"2024-06-13T07:08:38","guid":{"rendered":"https:\/\/help.mediaboard.com\/?page_id=4265"},"modified":"2024-06-13T09:08:47","modified_gmt":"2024-06-13T07:08:47","slug":"tlumaczenia","status":"publish","type":"page","link":"https:\/\/help.mediaboard.com\/pl\/mediaboard\/media-services\/tlumaczenia\/","title":{"rendered":"T\u0142umaczenia"},"content":{"rendered":"\n<p class=\"has-text-color\" style=\"color:#0b62ff;font-size:25px\">T\u0142umaczenie maszynowe<\/p>\n\n\n\n<p>Czy potrzebujesz t\u0142umacze\u0144 raport\u00f3w na \u017c\u0105danie na j\u0119zyk angielski, niemiecki lub inny? Oferujemy t\u0142umaczenie maszynowe, dzi\u0119ki czemu Twoje raporty s\u0105 automatycznie t\u0142umaczone. Aby uzyska\u0107 raporty t\u0142umaczone automatycznie, skontaktuj si\u0119 z nami.<\/p>\n\n\n\n<p>Nast\u0119pnie mo\u017cesz przet\u0142umaczy\u0107 konkretny materia\u0142 jednym klikni\u0119ciem bezpo\u015brednio w aplikacji. Wystarczy otworzy\u0107 szczeg\u00f3\u0142y materia\u0142u i wybra\u0107 <strong>T\u0142umacz -> wybrany j\u0119zyk<\/strong> w menu pod kropkami. Je\u015bli chcesz przywr\u00f3ci\u0107 materia\u0142 do pierwotnego j\u0119zyka, wybierz &#8222;Oryginalny&#8221; w ten sam spos\u00f3b.<\/p>\n\n\n\n<div class=\"wp-block-image\"><figure class=\"aligncenter size-large\"><img loading=\"lazy\" width=\"1024\" height=\"651\" src=\"https:\/\/help.mediaboard.com\/wp-content\/uploads\/2023\/10\/Pr\u030ceklady-1024x651.png\" alt=\"\" class=\"wp-image-4271\" srcset=\"https:\/\/help.mediaboard.com\/wp-content\/uploads\/2023\/10\/Pr\u030ceklady-1024x651.png 1024w, https:\/\/help.mediaboard.com\/wp-content\/uploads\/2023\/10\/Pr\u030ceklady-300x191.png 300w, https:\/\/help.mediaboard.com\/wp-content\/uploads\/2023\/10\/Pr\u030ceklady-768x488.png 768w, https:\/\/help.mediaboard.com\/wp-content\/uploads\/2023\/10\/Pr\u030ceklady-1536x976.png 1536w, https:\/\/help.mediaboard.com\/wp-content\/uploads\/2023\/10\/Pr\u030ceklady-2048x1301.png 2048w\" sizes=\"(max-width: 1024px) 100vw, 1024px\" \/><\/figure><\/div>\n\n\n\n<p class=\"has-text-color\" style=\"color:#0b62ff;font-size:25px\"><meta charset=\"utf-8\">R\u0119czne t\u0142umaczenie na j\u0119zyk angielski<\/p>\n\n\n\n<p>Oferujemy r\u0119czne t\u0142umaczenie wynik\u00f3w, gdzie analityk t\u0142umaczy podsumowania medialne, pojedyncze opisy materia\u0142\u00f3w lub ca\u0142e materia\u0142y, a Ty otrzymujesz przet\u0142umaczony raport po angielsku rano.<\/p>\n","protected":false},"excerpt":{"rendered":"<p>T\u0142umaczenie maszynowe Czy potrzebujesz t\u0142umacze\u0144 raport\u00f3w na \u017c\u0105danie na j\u0119zyk angielski, niemiecki lub inny? Oferujemy t\u0142umaczenie maszynowe, dzi\u0119ki czemu Twoje raporty s\u0105 automatycznie t\u0142umaczone. Aby&#8230;<\/p>\n","protected":false},"author":1,"featured_media":0,"parent":4224,"menu_order":0,"comment_status":"closed","ping_status":"closed","template":"","meta":[],"_links":{"self":[{"href":"https:\/\/help.mediaboard.com\/pl\/wp-json\/wp\/v2\/pages\/4265\/"}],"collection":[{"href":"https:\/\/help.mediaboard.com\/pl\/wp-json\/wp\/v2\/pages\/"}],"about":[{"href":"https:\/\/help.mediaboard.com\/pl\/wp-json\/wp\/v2\/types\/page\/"}],"author":[{"embeddable":true,"href":"https:\/\/help.mediaboard.com\/pl\/wp-json\/wp\/v2\/users\/1\/"}],"replies":[{"embeddable":true,"href":"https:\/\/help.mediaboard.com\/pl\/wp-json\/wp\/v2\/comments\/?post=4265"}],"version-history":[{"count":7,"href":"https:\/\/help.mediaboard.com\/pl\/wp-json\/wp\/v2\/pages\/4265\/revisions\/"}],"predecessor-version":[{"id":4278,"href":"https:\/\/help.mediaboard.com\/pl\/wp-json\/wp\/v2\/pages\/4265\/revisions\/4278\/"}],"up":[{"embeddable":true,"href":"https:\/\/help.mediaboard.com\/pl\/wp-json\/wp\/v2\/pages\/4224\/"}],"wp:attachment":[{"href":"https:\/\/help.mediaboard.com\/pl\/wp-json\/wp\/v2\/media\/?parent=4265"}],"curies":[{"name":"wp","href":"https:\/\/api.w.org\/{rel}","templated":true}]}}