{"id":4292,"date":"2024-06-13T09:13:38","date_gmt":"2024-06-13T07:13:38","guid":{"rendered":"https:\/\/help.mediaboard.com\/?page_id=4292"},"modified":"2024-06-13T09:13:45","modified_gmt":"2024-06-13T07:13:45","slug":"wyprobuj-za-darmo","status":"publish","type":"page","link":"https:\/\/help.mediaboard.com\/pl\/mediaboard\/wyprobuj-za-darmo\/","title":{"rendered":"Wypr\u00f3buj za darmo"},"content":{"rendered":"\n<p>Dla niezobowi\u0105zuj\u0105cego testowania Mediaboard oferujemy dost\u0119p testowy.<\/p>\n\n\n\n<p>Tryb testowy trwa <strong>14 dni i jest ca\u0142kowicie bezp\u0142atny.<\/strong> W tym okresie mo\u017cesz w pe\u0142ni przetestowa\u0107 Mediaboard, sprawdzi\u0107 wyniki i zobaczy\u0107, czy Mediaboard jest odpowiedni dla Ciebie.<\/p>\n\n\n\n<p>W tym czasie nasz przedstawiciel\/specjalista jest r\u00f3wnie\u017c dost\u0119pny, aby pom\u00f3c i doradzi\u0107.<\/p>\n\n\n\n<div class=\"wp-block-buttons is-content-justification-center\">\n<div class=\"wp-block-button\"><a class=\"wp-block-button__link has-vivid-green-cyan-background-color has-background\" href=\"https:\/\/app.mediaboard.com\/sign-up\">Wypr\u00f3buj za darmo<\/a><\/div>\n<\/div>\n","protected":false},"excerpt":{"rendered":"<p>Dla niezobowi\u0105zuj\u0105cego testowania Mediaboard oferujemy dost\u0119p testowy. Tryb testowy trwa 14 dni i jest ca\u0142kowicie bezp\u0142atny. W tym okresie mo\u017cesz w pe\u0142ni przetestowa\u0107 Mediaboard, sprawdzi\u0107&#8230;<\/p>\n","protected":false},"author":1,"featured_media":4296,"parent":3875,"menu_order":0,"comment_status":"closed","ping_status":"closed","template":"","meta":[],"_links":{"self":[{"href":"https:\/\/help.mediaboard.com\/pl\/wp-json\/wp\/v2\/pages\/4292\/"}],"collection":[{"href":"https:\/\/help.mediaboard.com\/pl\/wp-json\/wp\/v2\/pages\/"}],"about":[{"href":"https:\/\/help.mediaboard.com\/pl\/wp-json\/wp\/v2\/types\/page\/"}],"author":[{"embeddable":true,"href":"https:\/\/help.mediaboard.com\/pl\/wp-json\/wp\/v2\/users\/1\/"}],"replies":[{"embeddable":true,"href":"https:\/\/help.mediaboard.com\/pl\/wp-json\/wp\/v2\/comments\/?post=4292"}],"version-history":[{"count":2,"href":"https:\/\/help.mediaboard.com\/pl\/wp-json\/wp\/v2\/pages\/4292\/revisions\/"}],"predecessor-version":[{"id":4297,"href":"https:\/\/help.mediaboard.com\/pl\/wp-json\/wp\/v2\/pages\/4292\/revisions\/4297\/"}],"up":[{"embeddable":true,"href":"https:\/\/help.mediaboard.com\/pl\/wp-json\/wp\/v2\/pages\/3875\/"}],"wp:featuredmedia":[{"embeddable":true,"href":"https:\/\/help.mediaboard.com\/pl\/wp-json\/wp\/v2\/media\/4296\/"}],"wp:attachment":[{"href":"https:\/\/help.mediaboard.com\/pl\/wp-json\/wp\/v2\/media\/?parent=4292"}],"curies":[{"name":"wp","href":"https:\/\/api.w.org\/{rel}","templated":true}]}}