{"id":1116,"date":"2019-05-29T16:13:07","date_gmt":"2019-05-29T14:13:07","guid":{"rendered":"https:\/\/help.mediaboard.com\/analytika\/"},"modified":"2023-11-02T12:33:14","modified_gmt":"2023-11-02T11:33:14","slug":"analytika","status":"publish","type":"page","link":"https:\/\/help.mediaboard.com\/sk\/mediaboard\/ako-mediaboard-pouzivat\/analytika\/","title":{"rendered":"Analytika"},"content":{"rendered":"\n<p class=\"has-text-color\" style=\"color:#0ca8d0;font-size:25px\"><strong>Anal\u00fdza t\u00e9my<\/strong><\/p>\n\n\n\n<p>Ak chcete analyzova\u0165 len jednu t\u00e9mu, sta\u010d\u00ed prejs\u0165 do sekcie Analytika a zvoli\u0165 dan\u00fa t\u00e9mu k anal\u00fdze. <\/p>\n\n\n\n<div class=\"wp-block-image\"><figure class=\"aligncenter size-large\"><img loading=\"lazy\" width=\"1024\" height=\"280\" src=\"https:\/\/help.mediaboard.com\/wp-content\/uploads\/2023\/11\/1.-1024x280.png\" alt=\"\" class=\"wp-image-3510\" srcset=\"https:\/\/help.mediaboard.com\/wp-content\/uploads\/2023\/11\/1.-1024x280.png 1024w, https:\/\/help.mediaboard.com\/wp-content\/uploads\/2023\/11\/1.-300x82.png 300w, https:\/\/help.mediaboard.com\/wp-content\/uploads\/2023\/11\/1.-768x210.png 768w, https:\/\/help.mediaboard.com\/wp-content\/uploads\/2023\/11\/1.-1536x419.png 1536w, https:\/\/help.mediaboard.com\/wp-content\/uploads\/2023\/11\/1.-2048x559.png 2048w\" sizes=\"(max-width: 1024px) 100vw, 1024px\" \/><\/figure><\/div>\n\n\n\n<p>Okam\u017eite ako sa vygeneruje analytika pre zvolen\u00fa t\u00e9mu, m\u00f4\u017eete \u010falej <strong>nad v\u00fdstupmi filtrova\u0165 pomocou filtrovacej li\u0161ty<\/strong>. <br>M\u00f4\u017eete si tak zvoli\u0165 pre anal\u00fdzu obdobie (D\u00c1TUM), konkr\u00e9tne zdroje (ZDROJ), konkr\u00e9tnych autorov (AUTOR), alebo napr\u00edklad anal\u00fdzu iba negat\u00edvnych \u010dl\u00e1nkov (SENTIMENT). <br><\/p>\n\n\n\n<p class=\"has-text-color\" style=\"color:#0ca8d0;font-size:25px\"><strong>Anal\u00fdza dvoch a viacer\u00fdch t\u00e9m<br><\/strong><\/p>\n\n\n\n<p>Ak chcete analyzova\u0165 viac ako jednu t\u00e9mu, najsk\u00f4r v Analytike vyberte prv\u00fa t\u00e9mu k anal\u00fdze. Okam\u017eite ako sa vygeneruj\u00fa v\u00fdsledky, m\u00f4\u017eete v \u013eavom menu (<em>Prida\u0165 k filtr\u00e1cii<\/em>) zvoli\u0165 \u010fal\u0161ie t\u00e9my, ktor\u00e9 sa maj\u00fa prida\u0165 k analytike. <strong>M\u00f4\u017eete takto porovn\u00e1va\u0165 a\u017e 5 t\u00e9m medzi sebou. <\/strong><\/p>\n\n\n\n<figure class=\"wp-block-image size-large\"><img loading=\"lazy\" width=\"1024\" height=\"280\" src=\"https:\/\/help.mediaboard.com\/wp-content\/uploads\/2023\/11\/1.-1-1024x280.png\" alt=\"\" class=\"wp-image-3513\" srcset=\"https:\/\/help.mediaboard.com\/wp-content\/uploads\/2023\/11\/1.-1-1024x280.png 1024w, https:\/\/help.mediaboard.com\/wp-content\/uploads\/2023\/11\/1.-1-300x82.png 300w, https:\/\/help.mediaboard.com\/wp-content\/uploads\/2023\/11\/1.-1-768x210.png 768w, https:\/\/help.mediaboard.com\/wp-content\/uploads\/2023\/11\/1.-1-1536x419.png 1536w, https:\/\/help.mediaboard.com\/wp-content\/uploads\/2023\/11\/1.-1-2048x559.png 2048w\" sizes=\"(max-width: 1024px) 100vw, 1024px\" \/><\/figure>\n\n\n\n<p><br><\/p>\n\n\n\n<p>Z\u00e1rove\u0148 m\u00f4\u017eete nad v\u00fdsledkami filtrova\u0165 pomocou filtrovacej li\u0161ty.  Ak chcete naopak z u\u017e vytvorenej analytiky nejak\u00fa t\u00e9mu odobra\u0165, m\u00f4\u017eete tak urobi\u0165 jednoducho pomocou kr\u00ed\u017eika pri t\u00e9me.&nbsp; <\/p>\n\n\n\n<p class=\"has-text-color\" style=\"color:#0ca8d0;font-size:25px\"><strong>Anal\u00fdza vyh\u013eadan\u00e9ho v\u00fdrazu cez arch\u00edv<\/strong><\/p>\n\n\n\n<p>Ak potrebujete anal\u00fdzu v\u00fdrazu, ktor\u00fd ste si vyh\u013eadali cez medi\u00e1lny arch\u00edv, sta\u010d\u00ed prejs\u0165 do sekcie Analytika a v hornej li\u0161te medi\u00e1lneho arch\u00edvu vyh\u013eada\u0165 dan\u00fd v\u00fdraz. Analytika sa okam\u017eite prisp\u00f4sob\u00ed.<br><\/p>\n\n\n\n<p class=\"has-text-color\" style=\"color:#0ca8d0;font-size:25px\"><strong>Tipy na z\u00e1ver:<\/strong><\/p>\n\n\n\n<p><strong>Anal\u00fdza \u0161t\u00edtku<\/strong> &#8211; ak chcete anal\u00fdzu len \u010dl\u00e1nkov so \u0161t\u00edtkom, sta\u010d\u00ed v sekcii Analytika zvoli\u0165 miesto t\u00e9my rovno dan\u00fd \u0161t\u00edtok. Analytika vygeneruje v\u00fdsledky len nad t\u00fdmi \u010dl\u00e1nkami, ktor\u00e9 zodpovedaj\u00fa dan\u00e9mu \u0161t\u00edtku.<br><br><strong>Anal\u00fdza konkr\u00e9tneho v\u00fdrazu v t\u00e9me<\/strong> &#8211; ak chcete analyzova\u0165 len konkr\u00e9tny v\u00fdraz v ur\u010ditej t\u00e9me, sta\u010d\u00ed v Analytike najsk\u00f4r v li\u0161te medi\u00e1lneho arch\u00edvu vyh\u013eada\u0165 dan\u00fd v\u00fdraz a potom zvoli\u0165 t\u00e9mu, ktorou vyh\u013ead\u00e1vanie spresn\u00edme. <\/p>\n\n\n\n<div class=\"wp-block-image\"><figure class=\"aligncenter size-large\"><img loading=\"lazy\" width=\"1024\" height=\"464\" src=\"https:\/\/help.mediaboard.com\/wp-content\/uploads\/2023\/11\/Untitled-design-2-1024x464.png\" alt=\"\" class=\"wp-image-3519\" srcset=\"https:\/\/help.mediaboard.com\/wp-content\/uploads\/2023\/11\/Untitled-design-2-1024x464.png 1024w, https:\/\/help.mediaboard.com\/wp-content\/uploads\/2023\/11\/Untitled-design-2-300x136.png 300w, https:\/\/help.mediaboard.com\/wp-content\/uploads\/2023\/11\/Untitled-design-2-768x348.png 768w, https:\/\/help.mediaboard.com\/wp-content\/uploads\/2023\/11\/Untitled-design-2-1536x696.png 1536w, https:\/\/help.mediaboard.com\/wp-content\/uploads\/2023\/11\/Untitled-design-2-2048x928.png 2048w\" sizes=\"(max-width: 1024px) 100vw, 1024px\" \/><\/figure><\/div>\n","protected":false},"excerpt":{"rendered":"<p>Anal\u00fdza t\u00e9my Ak chcete analyzova\u0165 len jednu t\u00e9mu, sta\u010d\u00ed prejs\u0165 do sekcie Analytika a zvoli\u0165 dan\u00fa t\u00e9mu k anal\u00fdze. Okam\u017eite ako sa vygeneruje analytika pre&#8230;<\/p>\n","protected":false},"author":1,"featured_media":0,"parent":1139,"menu_order":0,"comment_status":"closed","ping_status":"closed","template":"","meta":[],"_links":{"self":[{"href":"https:\/\/help.mediaboard.com\/sk\/wp-json\/wp\/v2\/pages\/1116\/"}],"collection":[{"href":"https:\/\/help.mediaboard.com\/sk\/wp-json\/wp\/v2\/pages\/"}],"about":[{"href":"https:\/\/help.mediaboard.com\/sk\/wp-json\/wp\/v2\/types\/page\/"}],"author":[{"embeddable":true,"href":"https:\/\/help.mediaboard.com\/sk\/wp-json\/wp\/v2\/users\/1\/"}],"replies":[{"embeddable":true,"href":"https:\/\/help.mediaboard.com\/sk\/wp-json\/wp\/v2\/comments\/?post=1116"}],"version-history":[{"count":8,"href":"https:\/\/help.mediaboard.com\/sk\/wp-json\/wp\/v2\/pages\/1116\/revisions\/"}],"predecessor-version":[{"id":3522,"href":"https:\/\/help.mediaboard.com\/sk\/wp-json\/wp\/v2\/pages\/1116\/revisions\/3522\/"}],"up":[{"embeddable":true,"href":"https:\/\/help.mediaboard.com\/sk\/wp-json\/wp\/v2\/pages\/1139\/"}],"wp:attachment":[{"href":"https:\/\/help.mediaboard.com\/sk\/wp-json\/wp\/v2\/media\/?parent=1116"}],"curies":[{"name":"wp","href":"https:\/\/api.w.org\/{rel}","templated":true}]}}