{"id":1130,"date":"2019-03-25T22:36:30","date_gmt":"2019-03-25T21:36:30","guid":{"rendered":"https:\/\/help.mediaboard.com\/monitora\/"},"modified":"2023-11-01T10:04:50","modified_gmt":"2023-11-01T09:04:50","slug":"mediaboard","status":"publish","type":"page","link":"https:\/\/help.mediaboard.com\/sk\/mediaboard\/","title":{"rendered":"Mediaboard"},"content":{"rendered":"\n<p>Za\u010d\u00ednate s Mediaboardom a neviete ako a kde a \u010do? To nevad\u00ed. V na\u0161om manu\u00e1li n\u00e1jdete odpovede na v\u00e4\u010d\u0161inu z\u00e1kladn\u00fdch ot\u00e1zok. V\u0161etko ostatn\u00e9 v\u00e1m radi vysvetlia na\u0161i obchodn\u00edci alebo na\u0161a podpora na chate.<\/p>\n\n\n\n<p class=\"has-large-font-size\"><strong>\u010co je syst\u00e9m Mediaboard?<\/strong><\/p>\n\n\n\n<p>Aplik\u00e1cia Mediaboard v\u00e1m umo\u017en\u00ed m\u00e9di\u00e1 nielen monitorova\u0165, ale aj mera\u0165 a analyzova\u0165. Nesleduje iba po\u010dty \u010dl\u00e1nkov a zmienok, ale meria ich medi\u00e1lny z\u00e1sah. Ten potom syst\u00e9m vie vyhodnocova\u0165 a porovna\u0165 napr\u00edklad s konkurenciou. Mediaboard sp\u00e1ja spr\u00e1vy do udalost\u00ed a sleduje, ako sa vyv\u00edja v \u010dase.<\/p>\n\n\n\n<p>Radi by ste Mediaboard vysk\u00fa\u0161ali?<\/p>\n\n\n\n<div class=\"wp-block-buttons is-content-justification-center\">\n<div class=\"wp-block-button\"><a class=\"wp-block-button__link has-white-color has-vivid-green-cyan-background-color has-text-color has-background\" href=\"https:\/\/app.mediaboard.com\/sign-up\"><strong>VYSK\u00da\u0160A\u0164 ZADARMO<\/strong><\/a><\/div>\n<\/div>\n\n\n\n<figure class=\"wp-block-gallery aligncenter columns-1 is-cropped\"><ul class=\"blocks-gallery-grid\"><li class=\"blocks-gallery-item\"><figure><img loading=\"lazy\" width=\"2048\" height=\"1301\" src=\"https:\/\/help.mediaboard.com\/wp-content\/uploads\/2023\/10\/Hlavni\u0301-strana-1-2048x1301-2.png\" alt=\"\" data-id=\"3446\" data-full-url=\"https:\/\/help.mediaboard.com\/wp-content\/uploads\/2023\/10\/Hlavni\u0301-strana-1-2048x1301-2.png\" data-link=\"https:\/\/help.mediaboard.com\/sk\/mediaboard\/hlavni-strana-1-2048x1301-2\/\" class=\"wp-image-3446\" srcset=\"https:\/\/help.mediaboard.com\/wp-content\/uploads\/2023\/10\/Hlavni\u0301-strana-1-2048x1301-2.png 2048w, https:\/\/help.mediaboard.com\/wp-content\/uploads\/2023\/10\/Hlavni\u0301-strana-1-2048x1301-2-300x191.png 300w, https:\/\/help.mediaboard.com\/wp-content\/uploads\/2023\/10\/Hlavni\u0301-strana-1-2048x1301-2-1024x651.png 1024w, https:\/\/help.mediaboard.com\/wp-content\/uploads\/2023\/10\/Hlavni\u0301-strana-1-2048x1301-2-768x488.png 768w, https:\/\/help.mediaboard.com\/wp-content\/uploads\/2023\/10\/Hlavni\u0301-strana-1-2048x1301-2-1536x976.png 1536w\" sizes=\"(max-width: 2048px) 100vw, 2048px\" \/><\/figure><\/li><\/ul><\/figure>\n","protected":false},"excerpt":{"rendered":"<p>Za\u010d\u00ednate s Mediaboardom a neviete ako a kde a \u010do? To nevad\u00ed. V na\u0161om manu\u00e1li n\u00e1jdete odpovede na v\u00e4\u010d\u0161inu z\u00e1kladn\u00fdch ot\u00e1zok. V\u0161etko ostatn\u00e9 v\u00e1m radi&#8230;<\/p>\n","protected":false},"author":1,"featured_media":0,"parent":0,"menu_order":7,"comment_status":"closed","ping_status":"closed","template":"","meta":[],"_links":{"self":[{"href":"https:\/\/help.mediaboard.com\/sk\/wp-json\/wp\/v2\/pages\/1130\/"}],"collection":[{"href":"https:\/\/help.mediaboard.com\/sk\/wp-json\/wp\/v2\/pages\/"}],"about":[{"href":"https:\/\/help.mediaboard.com\/sk\/wp-json\/wp\/v2\/types\/page\/"}],"author":[{"embeddable":true,"href":"https:\/\/help.mediaboard.com\/sk\/wp-json\/wp\/v2\/users\/1\/"}],"replies":[{"embeddable":true,"href":"https:\/\/help.mediaboard.com\/sk\/wp-json\/wp\/v2\/comments\/?post=1130"}],"version-history":[{"count":12,"href":"https:\/\/help.mediaboard.com\/sk\/wp-json\/wp\/v2\/pages\/1130\/revisions\/"}],"predecessor-version":[{"id":3494,"href":"https:\/\/help.mediaboard.com\/sk\/wp-json\/wp\/v2\/pages\/1130\/revisions\/3494\/"}],"wp:attachment":[{"href":"https:\/\/help.mediaboard.com\/sk\/wp-json\/wp\/v2\/media\/?parent=1130"}],"curies":[{"name":"wp","href":"https:\/\/api.w.org\/{rel}","templated":true}]}}