{"id":1136,"date":"2019-05-28T12:59:10","date_gmt":"2019-05-28T10:59:10","guid":{"rendered":"https:\/\/help.mediaboard.com\/monitora\/zaciname\/zkusebni-rezim\/"},"modified":"2024-03-18T11:32:16","modified_gmt":"2024-03-18T10:32:16","slug":"vyskusat-zadarmo","status":"publish","type":"page","link":"https:\/\/help.mediaboard.com\/sk\/mediaboard\/vyskusat-zadarmo\/","title":{"rendered":"Vysk\u00fa\u0161a\u0165 zadarmo"},"content":{"rendered":"\n<p>Pre nez\u00e1v\u00e4zn\u00e9 vysk\u00fa\u0161anie Mediaboardu pon\u00fakame sk\u00fa\u0161obn\u00fa prev\u00e1dzku. <\/p>\n\n\n\n<p>Testovac\u00ed re\u017eim je na <strong>14 dn\u00ed a je \u00faplne zadarmo<\/strong>. V r\u00e1mci tohoto obdobia m\u00f4\u017eete plne vysk\u00fa\u0161a\u0165 syst\u00e9m Mediaboard, overi\u0165 si v\u00fdsledky a zisti\u0165, \u010di by Mediaboard vyhovovala pr\u00e1ve v\u00e1m. <br><br>V priebehu tohoto obdobia s\u00fa v\u00e1m k dispoz\u00edcii na\u0161i obchodn\u00edci\/\u0161pecialisti, ktor\u00ed radi pom\u00f4\u017eu a poradia.<\/p>\n\n\n\n<div class=\"wp-block-buttons is-content-justification-center\">\n<div class=\"wp-block-button\"><a class=\"wp-block-button__link has-white-color has-vivid-green-cyan-background-color has-text-color has-background\" href=\"https:\/\/app.mediaboard.com\/sign-up\"><strong>VYSK\u00da\u0160A\u0164 ZADARMO<\/strong><\/a><\/div>\n<\/div>\n","protected":false},"excerpt":{"rendered":"<p>Pre nez\u00e1v\u00e4zn\u00e9 vysk\u00fa\u0161anie Mediaboardu pon\u00fakame sk\u00fa\u0161obn\u00fa prev\u00e1dzku. Testovac\u00ed re\u017eim je na 14 dn\u00ed a je \u00faplne zadarmo. V r\u00e1mci tohoto obdobia m\u00f4\u017eete plne vysk\u00fa\u0161a\u0165 syst\u00e9m&#8230;<\/p>\n","protected":false},"author":1,"featured_media":3790,"parent":1130,"menu_order":0,"comment_status":"closed","ping_status":"closed","template":"","meta":[],"_links":{"self":[{"href":"https:\/\/help.mediaboard.com\/sk\/wp-json\/wp\/v2\/pages\/1136\/"}],"collection":[{"href":"https:\/\/help.mediaboard.com\/sk\/wp-json\/wp\/v2\/pages\/"}],"about":[{"href":"https:\/\/help.mediaboard.com\/sk\/wp-json\/wp\/v2\/types\/page\/"}],"author":[{"embeddable":true,"href":"https:\/\/help.mediaboard.com\/sk\/wp-json\/wp\/v2\/users\/1\/"}],"replies":[{"embeddable":true,"href":"https:\/\/help.mediaboard.com\/sk\/wp-json\/wp\/v2\/comments\/?post=1136"}],"version-history":[{"count":8,"href":"https:\/\/help.mediaboard.com\/sk\/wp-json\/wp\/v2\/pages\/1136\/revisions\/"}],"predecessor-version":[{"id":3772,"href":"https:\/\/help.mediaboard.com\/sk\/wp-json\/wp\/v2\/pages\/1136\/revisions\/3772\/"}],"up":[{"embeddable":true,"href":"https:\/\/help.mediaboard.com\/sk\/wp-json\/wp\/v2\/pages\/1130\/"}],"wp:featuredmedia":[{"embeddable":true,"href":"https:\/\/help.mediaboard.com\/sk\/wp-json\/wp\/v2\/media\/3790\/"}],"wp:attachment":[{"href":"https:\/\/help.mediaboard.com\/sk\/wp-json\/wp\/v2\/media\/?parent=1136"}],"curies":[{"name":"wp","href":"https:\/\/api.w.org\/{rel}","templated":true}]}}