{"id":1146,"date":"2019-05-28T14:30:43","date_gmt":"2019-05-28T12:30:43","guid":{"rendered":"https:\/\/help.mediaboard.com\/monitora\/jak-monitoru-pouzivat\/e-mailove-reporty\/"},"modified":"2023-11-02T14:15:00","modified_gmt":"2023-11-02T13:15:00","slug":"e-mailove-reporty","status":"publish","type":"page","link":"https:\/\/help.mediaboard.com\/sk\/mediaboard\/ako-mediaboard-pouzivat\/e-mailove-reporty\/","title":{"rendered":"E-mailov\u00e9 reporty"},"content":{"rendered":"\n<p>E-mailov\u00e9 reporty je mo\u017en\u00e9 nastavi\u0165 pre jednotliv\u00e9 osoby, alebo skupiny os\u00f4b. Je teda mo\u017en\u00e9 na niektor\u00fdch zamestnancov posiela\u0165 napr\u00edklad len najd\u00f4le\u017eitej\u0161ie inform\u00e1cie a na in\u00fdch u\u017e\u00edvate\u013eov inform\u00e1cie kompletn\u00e9 za v\u0161etky nastaven\u00e9 t\u00e9my. <br>Niektor\u00e9 udalosti potrebujete vedie\u0165 okam\u017eite, niektor\u00e9 sta\u010dia ako t\u00fd\u017edenn\u00fd, alebo mesa\u010dn\u00fd s\u00fahrn, \u010di infografika. Syst\u00e9m sa v\u00e1m i kolegom prisp\u00f4sob\u00ed tak, aby reportoval len spr\u00e1vne inform\u00e1cie v spr\u00e1vnom \u010dase.<\/p>\n\n\n\n<div class=\"wp-block-image\"><figure class=\"aligncenter size-large\"><img loading=\"lazy\" width=\"1024\" height=\"323\" src=\"https:\/\/help.mediaboard.com\/wp-content\/uploads\/2023\/11\/Untitled-design-1-1-1024x323.png\" alt=\"\" class=\"wp-image-3524\" srcset=\"https:\/\/help.mediaboard.com\/wp-content\/uploads\/2023\/11\/Untitled-design-1-1-1024x323.png 1024w, https:\/\/help.mediaboard.com\/wp-content\/uploads\/2023\/11\/Untitled-design-1-1-300x95.png 300w, https:\/\/help.mediaboard.com\/wp-content\/uploads\/2023\/11\/Untitled-design-1-1-768x242.png 768w, https:\/\/help.mediaboard.com\/wp-content\/uploads\/2023\/11\/Untitled-design-1-1-1536x484.png 1536w, https:\/\/help.mediaboard.com\/wp-content\/uploads\/2023\/11\/Untitled-design-1-1-2048x645.png 2048w\" sizes=\"(max-width: 1024px) 100vw, 1024px\" \/><\/figure><\/div>\n\n\n\n<p>Reportom sme venovali mimoriadnu starostlivos\u0165. Upravili sme ich tak, aby tvorili komplexn\u00fd zdroj inform\u00e1ci\u00ed o va\u0161ej spolo\u010dnosti, zna\u010dke, alebo konkurencii. Reporty s\u00fa automaticky posielan\u00e9 na zadan\u00fd e-mail, alebo viacer\u00e9 e-maily, do RSS \u010d\u00edta\u010dky, alebo priamo do Intranetu.&nbsp; <\/p>\n\n\n\n<p class=\"has-text-color\" style=\"color:#0ca8d0\"><strong>PRAVIDELN\u00c9 REPORTY<\/strong><\/p>\n\n\n\n<p>Automatick\u00e9 reporty je mo\u017en\u00e9 nastavi\u0165 v sekcii <strong>Reporty<\/strong>. Pre ka\u017ed\u00fa t\u00e9mu, alebo skupinu t\u00e9m m\u00f4\u017eete nastavi\u0165 \u013eubovo\u013en\u00e9 reporty. Pre ka\u017ed\u00fd report m\u00f4\u017eu by\u0165 nastaven\u00ed in\u00ed adres\u00e1ti a z\u00e1rove\u0148 in\u00e9 frekvencie odosielania. Reporty m\u00f4\u017eu obsahova\u0165 jednu \u010di viacero t\u00e9m. <br><\/p>\n\n\n\n<p class=\"has-text-color\" style=\"color:#0ca8d0\"><strong>ADHOC REPORTY<\/strong><\/p>\n\n\n\n<p>Okrem automatizovan\u00fdch pravideln\u00fdch reportov <strong>m\u00e1te mo\u017enos\u0165 vytv\u00e1ra\u0165 a posiela\u0165 i vlastn\u00e9 reporty<\/strong>. Do t\u00fdchto \u201eadhoc\u201c reportov je mo\u017en\u00e9 prid\u00e1va\u0165 \u010dl\u00e1nky ako z monitoringu, tak z arch\u00edvu. Takto ru\u010dne vytvoren\u00e9 reporty m\u00f4\u017eete posiela\u0165 na \u013eubovo\u013en\u00fdch adres\u00e1tov a pod\u013ea nastaven\u00ed, ktor\u00e9 si m\u00f4\u017eete sami navoli\u0165. <br><strong>Ako na to?<\/strong><br><strong>A) Preposla\u0165 z Exportu<\/strong> &#8211; vybran\u00e9 \u010dl\u00e1nky vlo\u017ete do Exportu pomocou ikonky pod \u00favodn\u00fdm grafom. Do exportu m\u00f4\u017eete vklada\u0165 \u010dl\u00e1nky ako z monitoringu, tak z arch\u00edvu. V Exporte potom m\u00f4\u017eete \u010dl\u00e1nky ODOSLA\u0164.<br><\/p>\n\n\n\n<div class=\"wp-block-image\"><figure class=\"aligncenter size-large is-resized\"><img loading=\"lazy\" src=\"https:\/\/help.mediaboard.com\/wp-content\/uploads\/2023\/11\/Untitled-design-3-1024x572.png\" alt=\"\" class=\"wp-image-3527\" width=\"512\" height=\"286\" srcset=\"https:\/\/help.mediaboard.com\/wp-content\/uploads\/2023\/11\/Untitled-design-3-1024x572.png 1024w, https:\/\/help.mediaboard.com\/wp-content\/uploads\/2023\/11\/Untitled-design-3-300x167.png 300w, https:\/\/help.mediaboard.com\/wp-content\/uploads\/2023\/11\/Untitled-design-3-768x429.png 768w, https:\/\/help.mediaboard.com\/wp-content\/uploads\/2023\/11\/Untitled-design-3-1536x858.png 1536w, https:\/\/help.mediaboard.com\/wp-content\/uploads\/2023\/11\/Untitled-design-3-2048x1143.png 2048w\" sizes=\"(max-width: 512px) 100vw, 512px\" \/><\/figure><\/div>\n\n\n\n<p><strong>B) Preposla\u0165 z Monitoringu<\/strong> &#8211; vybran\u00e9 \u010dl\u00e1nky m\u00f4\u017eete r\u00fdchlo preposla\u0165 pomocou oran\u017eovej ikonky pod \u00favodn\u00fdm grafom. <br><\/p>\n\n\n\n<div class=\"wp-block-image\"><figure class=\"aligncenter size-large is-resized\"><img loading=\"lazy\" src=\"https:\/\/help.mediaboard.com\/wp-content\/uploads\/2023\/11\/Untitled-design-4-1024x572.png\" alt=\"\" class=\"wp-image-3530\" width=\"512\" height=\"286\" srcset=\"https:\/\/help.mediaboard.com\/wp-content\/uploads\/2023\/11\/Untitled-design-4-1024x572.png 1024w, https:\/\/help.mediaboard.com\/wp-content\/uploads\/2023\/11\/Untitled-design-4-300x167.png 300w, https:\/\/help.mediaboard.com\/wp-content\/uploads\/2023\/11\/Untitled-design-4-768x429.png 768w, https:\/\/help.mediaboard.com\/wp-content\/uploads\/2023\/11\/Untitled-design-4-1536x858.png 1536w, https:\/\/help.mediaboard.com\/wp-content\/uploads\/2023\/11\/Untitled-design-4-2048x1143.png 2048w\" sizes=\"(max-width: 512px) 100vw, 512px\" \/><\/figure><\/div>\n\n\n\n<p class=\"has-text-color\" style=\"color:#0ca8d0\">A to v\u0161etko v u\u017e\u00edvate\u013esky pr\u00edjemnom prostred\u00ed, ktor\u00e9 pozn\u00e1te napr\u00edklad z Gmailu.<\/p>\n\n\n\n<div class=\"wp-block-image\"><figure class=\"aligncenter size-large is-resized\"><img loading=\"lazy\" src=\"https:\/\/help.mediaboard.com\/wp-content\/uploads\/2023\/11\/Sni\u0301mek-obrazovky-2023-11-02-v-14.14.20-732x1024.png\" alt=\"\" class=\"wp-image-3533\" width=\"366\" height=\"512\" srcset=\"https:\/\/help.mediaboard.com\/wp-content\/uploads\/2023\/11\/Sni\u0301mek-obrazovky-2023-11-02-v-14.14.20-732x1024.png 732w, https:\/\/help.mediaboard.com\/wp-content\/uploads\/2023\/11\/Sni\u0301mek-obrazovky-2023-11-02-v-14.14.20-214x300.png 214w, https:\/\/help.mediaboard.com\/wp-content\/uploads\/2023\/11\/Sni\u0301mek-obrazovky-2023-11-02-v-14.14.20-768x1075.png 768w, https:\/\/help.mediaboard.com\/wp-content\/uploads\/2023\/11\/Sni\u0301mek-obrazovky-2023-11-02-v-14.14.20.png 932w\" sizes=\"(max-width: 366px) 100vw, 366px\" \/><\/figure><\/div>\n\n\n\n<p> <\/p>\n","protected":false},"excerpt":{"rendered":"<p>E-mailov\u00e9 reporty je mo\u017en\u00e9 nastavi\u0165 pre jednotliv\u00e9 osoby, alebo skupiny os\u00f4b. Je teda mo\u017en\u00e9 na niektor\u00fdch zamestnancov posiela\u0165 napr\u00edklad len najd\u00f4le\u017eitej\u0161ie inform\u00e1cie a na in\u00fdch&#8230;<\/p>\n","protected":false},"author":1,"featured_media":0,"parent":1139,"menu_order":0,"comment_status":"closed","ping_status":"closed","template":"","meta":[],"_links":{"self":[{"href":"https:\/\/help.mediaboard.com\/sk\/wp-json\/wp\/v2\/pages\/1146\/"}],"collection":[{"href":"https:\/\/help.mediaboard.com\/sk\/wp-json\/wp\/v2\/pages\/"}],"about":[{"href":"https:\/\/help.mediaboard.com\/sk\/wp-json\/wp\/v2\/types\/page\/"}],"author":[{"embeddable":true,"href":"https:\/\/help.mediaboard.com\/sk\/wp-json\/wp\/v2\/users\/1\/"}],"replies":[{"embeddable":true,"href":"https:\/\/help.mediaboard.com\/sk\/wp-json\/wp\/v2\/comments\/?post=1146"}],"version-history":[{"count":3,"href":"https:\/\/help.mediaboard.com\/sk\/wp-json\/wp\/v2\/pages\/1146\/revisions\/"}],"predecessor-version":[{"id":3536,"href":"https:\/\/help.mediaboard.com\/sk\/wp-json\/wp\/v2\/pages\/1146\/revisions\/3536\/"}],"up":[{"embeddable":true,"href":"https:\/\/help.mediaboard.com\/sk\/wp-json\/wp\/v2\/pages\/1139\/"}],"wp:attachment":[{"href":"https:\/\/help.mediaboard.com\/sk\/wp-json\/wp\/v2\/media\/?parent=1146"}],"curies":[{"name":"wp","href":"https:\/\/api.w.org\/{rel}","templated":true}]}}