{"id":1153,"date":"2019-05-28T16:29:38","date_gmt":"2019-05-28T14:29:38","guid":{"rendered":"https:\/\/help.mediaboard.com\/monitora\/jak-monitoru-pouzivat\/filtrace-clanku\/"},"modified":"2023-11-02T16:15:54","modified_gmt":"2023-11-02T15:15:54","slug":"filtracia-clankov","status":"publish","type":"page","link":"https:\/\/help.mediaboard.com\/sk\/mediaboard\/ako-mediaboard-pouzivat\/filtracia-clankov\/","title":{"rendered":"Filtr\u00e1cia \u010dl\u00e1nkov"},"content":{"rendered":"\n<p class=\"has-text-color\" style=\"color:#0ca8d0;font-size:25px\"><strong>Filtrovacia li\u0161ta<\/strong><\/p>\n\n\n\n<div class=\"wp-block-image\"><figure class=\"aligncenter size-large is-resized\"><img loading=\"lazy\" src=\"https:\/\/help.mediaboard.com\/wp-content\/uploads\/2023\/11\/Untitled-design-2-1-1024x322.png\" alt=\"\" class=\"wp-image-3555\" width=\"512\" height=\"161\" srcset=\"https:\/\/help.mediaboard.com\/wp-content\/uploads\/2023\/11\/Untitled-design-2-1-1024x322.png 1024w, https:\/\/help.mediaboard.com\/wp-content\/uploads\/2023\/11\/Untitled-design-2-1-300x94.png 300w, https:\/\/help.mediaboard.com\/wp-content\/uploads\/2023\/11\/Untitled-design-2-1-768x241.png 768w, https:\/\/help.mediaboard.com\/wp-content\/uploads\/2023\/11\/Untitled-design-2-1-1536x482.png 1536w, https:\/\/help.mediaboard.com\/wp-content\/uploads\/2023\/11\/Untitled-design-2-1-2048x643.png 2048w\" sizes=\"(max-width: 512px) 100vw, 512px\" \/><\/figure><\/div>\n\n\n\n<p>Na li\u0161te filtrov n\u00e1jdete nieko\u013eko mo\u017enost\u00ed, ako \u010dl\u00e1nky triedi\u0165 a filtrova\u0165. <\/p>\n\n\n\n<div class=\"wp-block-image\"><figure class=\"aligncenter size-large is-resized\"><img loading=\"lazy\" src=\"https:\/\/help.mediaboard.com\/wp-content\/uploads\/2023\/11\/Untitled-design-1-3-1024x365.png\" alt=\"\" class=\"wp-image-3558\" width=\"512\" height=\"183\" srcset=\"https:\/\/help.mediaboard.com\/wp-content\/uploads\/2023\/11\/Untitled-design-1-3-1024x365.png 1024w, https:\/\/help.mediaboard.com\/wp-content\/uploads\/2023\/11\/Untitled-design-1-3-300x107.png 300w, https:\/\/help.mediaboard.com\/wp-content\/uploads\/2023\/11\/Untitled-design-1-3-768x273.png 768w, https:\/\/help.mediaboard.com\/wp-content\/uploads\/2023\/11\/Untitled-design-1-3-1536x547.png 1536w, https:\/\/help.mediaboard.com\/wp-content\/uploads\/2023\/11\/Untitled-design-1-3-2048x729.png 2048w\" sizes=\"(max-width: 512px) 100vw, 512px\" \/><\/figure><\/div>\n\n\n\n<p><strong>D\u00c1TUM<\/strong> \u2013 \u010dl\u00e1nky m\u00f4\u017eete triedi\u0165 pod\u013ea d\u00e1tumu vydania\/zverejnenia. <br>Je mo\u017en\u00e9 pou\u017ei\u0165 r\u00fdchle predvo\u013eby, alebo zvoli\u0165 konkr\u00e9tny d\u00e1tum.   <\/p>\n\n\n\n<div class=\"wp-block-image\"><figure class=\"aligncenter size-large is-resized\"><img loading=\"lazy\" src=\"https:\/\/help.mediaboard.com\/wp-content\/uploads\/2023\/11\/Untitled-design-2-2-1024x404.png\" alt=\"\" class=\"wp-image-3561\" width=\"512\" height=\"202\" srcset=\"https:\/\/help.mediaboard.com\/wp-content\/uploads\/2023\/11\/Untitled-design-2-2-1024x404.png 1024w, https:\/\/help.mediaboard.com\/wp-content\/uploads\/2023\/11\/Untitled-design-2-2-300x118.png 300w, https:\/\/help.mediaboard.com\/wp-content\/uploads\/2023\/11\/Untitled-design-2-2-768x303.png 768w, https:\/\/help.mediaboard.com\/wp-content\/uploads\/2023\/11\/Untitled-design-2-2-1536x606.png 1536w, https:\/\/help.mediaboard.com\/wp-content\/uploads\/2023\/11\/Untitled-design-2-2-2048x808.png 2048w\" sizes=\"(max-width: 512px) 100vw, 512px\" \/><\/figure><\/div>\n\n\n\n<p><strong>ZDROJ<\/strong> \u2013 pomocou filtra Zdroj je mo\u017en\u00e9 \u010dl\u00e1nky filtrova\u0165 pod\u013ea typu m\u00e9dia \u2013 online\/tla\u010d\/TV\/rozhlas, alebo pod\u013ea konkr\u00e9tneho zdroja, \u010di vydavate\u013estva. Konkr\u00e9tny zdroj m\u00f4\u017eete vyh\u013eada\u0165 (ZDROJ -&gt; pol\u00ed\u010dko h\u013eadania), alebo si vybra\u0165 viacero zdrojov v ponuke (ZDROJ -&gt; Vybra\u0165 zdroje).  <\/p>\n\n\n\n<div class=\"wp-block-image\"><figure class=\"aligncenter size-large is-resized\"><img loading=\"lazy\" src=\"https:\/\/help.mediaboard.com\/wp-content\/uploads\/2023\/11\/Untitled-design-5-1024x376.png\" alt=\"\" class=\"wp-image-3564\" width=\"512\" height=\"188\" srcset=\"https:\/\/help.mediaboard.com\/wp-content\/uploads\/2023\/11\/Untitled-design-5-1024x376.png 1024w, https:\/\/help.mediaboard.com\/wp-content\/uploads\/2023\/11\/Untitled-design-5-300x110.png 300w, https:\/\/help.mediaboard.com\/wp-content\/uploads\/2023\/11\/Untitled-design-5-768x282.png 768w, https:\/\/help.mediaboard.com\/wp-content\/uploads\/2023\/11\/Untitled-design-5-1536x563.png 1536w, https:\/\/help.mediaboard.com\/wp-content\/uploads\/2023\/11\/Untitled-design-5-2048x751.png 2048w\" sizes=\"(max-width: 512px) 100vw, 512px\" \/><\/figure><\/div>\n\n\n\n<p><strong>AUTOR<\/strong> \u2013 vyh\u013ead\u00e1va\u0165 je mo\u017en\u00e9 aj pod\u013ea konkr\u00e9tneho autora. Jednoduch\u00fdm  zadan\u00edm jeho mena do filtra Autor a Mediaboard vyh\u013ead\u00e1 \u010dl\u00e1nky len od tohoto autora.<\/p>\n\n\n\n<div class=\"wp-block-image\"><figure class=\"aligncenter size-large is-resized\"><img loading=\"lazy\" src=\"https:\/\/help.mediaboard.com\/wp-content\/uploads\/2023\/11\/Untitled-design-1-4-1024x1003.png\" alt=\"\" class=\"wp-image-3567\" width=\"512\" height=\"502\" srcset=\"https:\/\/help.mediaboard.com\/wp-content\/uploads\/2023\/11\/Untitled-design-1-4-1024x1003.png 1024w, https:\/\/help.mediaboard.com\/wp-content\/uploads\/2023\/11\/Untitled-design-1-4-300x294.png 300w, https:\/\/help.mediaboard.com\/wp-content\/uploads\/2023\/11\/Untitled-design-1-4-768x752.png 768w, https:\/\/help.mediaboard.com\/wp-content\/uploads\/2023\/11\/Untitled-design-1-4.png 1266w\" sizes=\"(max-width: 512px) 100vw, 512px\" \/><\/figure><\/div>\n\n\n\n<p><strong>JAZYK <\/strong>\u2013 pod\u013ea jazyka m\u00f4\u017eete filtrova\u0165 dvoma sp\u00f4sobmi. Bu\u010f filtrova\u0165 pod\u013ea krajiny p\u00f4vodu zdroja, alebo pod\u013ea jazyka dan\u00e9ho zdroje.<\/p>\n\n\n\n<div class=\"wp-block-image\"><figure class=\"aligncenter size-large is-resized\"><img loading=\"lazy\" src=\"https:\/\/help.mediaboard.com\/wp-content\/uploads\/2023\/11\/Untitled-design-2-3-1024x854.png\" alt=\"\" class=\"wp-image-3570\" width=\"512\" height=\"427\" srcset=\"https:\/\/help.mediaboard.com\/wp-content\/uploads\/2023\/11\/Untitled-design-2-3-1024x854.png 1024w, https:\/\/help.mediaboard.com\/wp-content\/uploads\/2023\/11\/Untitled-design-2-3-300x250.png 300w, https:\/\/help.mediaboard.com\/wp-content\/uploads\/2023\/11\/Untitled-design-2-3-768x641.png 768w, https:\/\/help.mediaboard.com\/wp-content\/uploads\/2023\/11\/Untitled-design-2-3.png 1520w\" sizes=\"(max-width: 512px) 100vw, 512px\" \/><\/figure><\/div>\n\n\n\n<p>  <strong>KRAJINA<\/strong> \u2013 teraz je mo\u017en\u00e9 filtrova\u0165 aj pod\u013ea konkr\u00e9tnej krajiny.<\/p>\n\n\n\n<div class=\"wp-block-image\"><figure class=\"aligncenter size-large is-resized\"><img loading=\"lazy\" src=\"https:\/\/help.mediaboard.com\/wp-content\/uploads\/2023\/11\/Untitled-design-3-1-1024x372.png\" alt=\"\" class=\"wp-image-3573\" width=\"512\" height=\"186\" srcset=\"https:\/\/help.mediaboard.com\/wp-content\/uploads\/2023\/11\/Untitled-design-3-1-1024x372.png 1024w, https:\/\/help.mediaboard.com\/wp-content\/uploads\/2023\/11\/Untitled-design-3-1-300x109.png 300w, https:\/\/help.mediaboard.com\/wp-content\/uploads\/2023\/11\/Untitled-design-3-1-768x279.png 768w, https:\/\/help.mediaboard.com\/wp-content\/uploads\/2023\/11\/Untitled-design-3-1-1536x557.png 1536w, https:\/\/help.mediaboard.com\/wp-content\/uploads\/2023\/11\/Untitled-design-3-1.png 1786w\" sizes=\"(max-width: 512px) 100vw, 512px\" \/><\/figure><\/div>\n\n\n\n<p><strong>SENTIMENT<\/strong> \u2013 filtrova\u0165 m\u00f4\u017eete aj pod\u013ea sentimentu, teda hodnotov\u00e9ho vyznenia \u010dl\u00e1nkov.   <\/p>\n\n\n\n<div class=\"wp-block-image\"><figure class=\"aligncenter size-large is-resized\"><img loading=\"lazy\" src=\"https:\/\/help.mediaboard.com\/wp-content\/uploads\/2023\/11\/Untitled-design-4-1-1024x355.png\" alt=\"\" class=\"wp-image-3576\" width=\"512\" height=\"178\" srcset=\"https:\/\/help.mediaboard.com\/wp-content\/uploads\/2023\/11\/Untitled-design-4-1-1024x355.png 1024w, https:\/\/help.mediaboard.com\/wp-content\/uploads\/2023\/11\/Untitled-design-4-1-300x104.png 300w, https:\/\/help.mediaboard.com\/wp-content\/uploads\/2023\/11\/Untitled-design-4-1-768x266.png 768w, https:\/\/help.mediaboard.com\/wp-content\/uploads\/2023\/11\/Untitled-design-4-1-1536x533.png 1536w, https:\/\/help.mediaboard.com\/wp-content\/uploads\/2023\/11\/Untitled-design-4-1.png 1846w\" sizes=\"(max-width: 512px) 100vw, 512px\" \/><\/figure><\/div>\n\n\n\n<p><strong>POZN\u00c1MKY<\/strong> \u2013 ku ka\u017ed\u00e9mu \u010dl\u00e1nku je mo\u017en\u00e9 pripoji\u0165 \u013eubovo\u013en\u00fa pozn\u00e1mku. Pod\u013ea pripojen\u00fdch pozn\u00e1mok je potom mo\u017en\u00e9 filtrova\u0165 \u010dl\u00e1nky. Vyh\u013eada\u0165 si tak m\u00f4\u017eete v\u0161etky \u010dl\u00e1nky, ktor\u00e9 obsahuj\u00fa ak\u00fako\u013evek pozn\u00e1mku, alebo vyh\u013eada\u0165 konkr\u00e9tnu pozn\u00e1mku.<\/p>\n\n\n\n<div class=\"wp-block-image\"><figure class=\"aligncenter size-large is-resized\"><img loading=\"lazy\" src=\"https:\/\/help.mediaboard.com\/wp-content\/uploads\/2023\/11\/Untitled-design-5-1-1024x284.png\" alt=\"\" class=\"wp-image-3579\" width=\"512\" height=\"142\" srcset=\"https:\/\/help.mediaboard.com\/wp-content\/uploads\/2023\/11\/Untitled-design-5-1-1024x284.png 1024w, https:\/\/help.mediaboard.com\/wp-content\/uploads\/2023\/11\/Untitled-design-5-1-300x83.png 300w, https:\/\/help.mediaboard.com\/wp-content\/uploads\/2023\/11\/Untitled-design-5-1-768x213.png 768w, https:\/\/help.mediaboard.com\/wp-content\/uploads\/2023\/11\/Untitled-design-5-1-1536x426.png 1536w, https:\/\/help.mediaboard.com\/wp-content\/uploads\/2023\/11\/Untitled-design-5-1-2048x568.png 2048w\" sizes=\"(max-width: 512px) 100vw, 512px\" \/><\/figure><\/div>\n\n\n\n<p><strong>TYP \u010cL\u00c1NKU<\/strong> \u2013 m\u00f4\u017eete tie\u017e filtrova\u0165 r\u00f4zne typy \u010dl\u00e1nkov pod\u013ea svojich potrieb.<\/p>\n\n\n\n<p class=\"has-text-color\" style=\"color:#0ca8d0;font-size:25px\"><strong>Filtr\u00e1cia pod\u013ea t\u00e9my <\/strong><\/p>\n\n\n\n<p>\u010cl\u00e1nky je mo\u017en\u00e9 filtrova\u0165 pod\u013ea nastaven\u00fdch t\u00e9m. Preh\u013ead nastaven\u00fdch t\u00e9m je zobrazen\u00fd v \u013eavom bo\u010dnom menu. Pre vygenerovanie \u010dl\u00e1nkov len z jednej t\u00e9my, sta\u010d\u00ed dan\u00fa t\u00e9mu zaklikn\u00fa\u0165 v tomto menu. Vybra\u0165 si m\u00f4\u017eete i nieko\u013eko t\u00e9m naraz. <\/p>\n\n\n\n<p class=\"has-text-color\" style=\"color:#0ca8d0;font-size:25px\"><strong>Filtr\u00e1cia pod\u013ea \u0161t\u00edtkov<\/strong><\/p>\n\n\n\n<p>Okrem pozn\u00e1mok je mo\u017en\u00e9 k \u010dl\u00e1nkom pripoji\u0165 aj \u0161t\u00edtky. Preh\u013ead \u0161t\u00edtkov je zobrazen\u00fd v \u013eavom bo\u010dnom menu. \u010cl\u00e1nky, ktor\u00e9 maj\u00fa k sebe pripojen\u00fd \u0161t\u00edtok, je mo\u017en\u00e9 jednoducho vyfiltrova\u0165 kliknut\u00edm na dan\u00fd \u0161t\u00edtok  v bo\u010dnom menu. T\u00fdm sa vygeneruj\u00fa len \u010dl\u00e1nky s t\u00fdmto \u0161t\u00edtkom.<\/p>\n","protected":false},"excerpt":{"rendered":"<p>Filtrovacia li\u0161ta Na li\u0161te filtrov n\u00e1jdete nieko\u013eko mo\u017enost\u00ed, ako \u010dl\u00e1nky triedi\u0165 a filtrova\u0165. D\u00c1TUM \u2013 \u010dl\u00e1nky m\u00f4\u017eete triedi\u0165 pod\u013ea d\u00e1tumu vydania\/zverejnenia. Je mo\u017en\u00e9 pou\u017ei\u0165 r\u00fdchle&#8230;<\/p>\n","protected":false},"author":1,"featured_media":0,"parent":1139,"menu_order":0,"comment_status":"closed","ping_status":"closed","template":"","meta":[],"_links":{"self":[{"href":"https:\/\/help.mediaboard.com\/sk\/wp-json\/wp\/v2\/pages\/1153\/"}],"collection":[{"href":"https:\/\/help.mediaboard.com\/sk\/wp-json\/wp\/v2\/pages\/"}],"about":[{"href":"https:\/\/help.mediaboard.com\/sk\/wp-json\/wp\/v2\/types\/page\/"}],"author":[{"embeddable":true,"href":"https:\/\/help.mediaboard.com\/sk\/wp-json\/wp\/v2\/users\/1\/"}],"replies":[{"embeddable":true,"href":"https:\/\/help.mediaboard.com\/sk\/wp-json\/wp\/v2\/comments\/?post=1153"}],"version-history":[{"count":10,"href":"https:\/\/help.mediaboard.com\/sk\/wp-json\/wp\/v2\/pages\/1153\/revisions\/"}],"predecessor-version":[{"id":3582,"href":"https:\/\/help.mediaboard.com\/sk\/wp-json\/wp\/v2\/pages\/1153\/revisions\/3582\/"}],"up":[{"embeddable":true,"href":"https:\/\/help.mediaboard.com\/sk\/wp-json\/wp\/v2\/pages\/1139\/"}],"wp:attachment":[{"href":"https:\/\/help.mediaboard.com\/sk\/wp-json\/wp\/v2\/media\/?parent=1153"}],"curies":[{"name":"wp","href":"https:\/\/api.w.org\/{rel}","templated":true}]}}