{"id":1156,"date":"2019-05-29T13:17:12","date_gmt":"2019-05-29T11:17:12","guid":{"rendered":"https:\/\/help.mediaboard.com\/monitora\/jak-monitoru-pouzivat\/komentare-stitky-sentiment\/"},"modified":"2023-11-02T16:15:03","modified_gmt":"2023-11-02T15:15:03","slug":"poznamky-stitky-sentiment","status":"publish","type":"page","link":"https:\/\/help.mediaboard.com\/sk\/mediaboard\/ako-mediaboard-pouzivat\/poznamky-stitky-sentiment\/","title":{"rendered":"Pozn\u00e1mky, \u0161t\u00edtky, sentiment"},"content":{"rendered":"\n<p class=\"has-text-color has-large-font-size\" style=\"color:#0ca8d0\"><strong>Pozn\u00e1mky<\/strong><\/p>\n\n\n\n<div class=\"wp-block-image\"><figure class=\"aligncenter size-large is-resized\"><img loading=\"lazy\" src=\"https:\/\/help.mediaboard.com\/wp-content\/uploads\/2023\/11\/Untitled-design-8-1024x357.png\" alt=\"\" class=\"wp-image-3598\" width=\"768\" height=\"268\" srcset=\"https:\/\/help.mediaboard.com\/wp-content\/uploads\/2023\/11\/Untitled-design-8-1024x357.png 1024w, https:\/\/help.mediaboard.com\/wp-content\/uploads\/2023\/11\/Untitled-design-8-300x104.png 300w, https:\/\/help.mediaboard.com\/wp-content\/uploads\/2023\/11\/Untitled-design-8-768x267.png 768w, https:\/\/help.mediaboard.com\/wp-content\/uploads\/2023\/11\/Untitled-design-8-1536x535.png 1536w, https:\/\/help.mediaboard.com\/wp-content\/uploads\/2023\/11\/Untitled-design-8-2048x713.png 2048w\" sizes=\"(max-width: 768px) 100vw, 768px\" \/><\/figure><\/div>\n\n\n\n<p>Ku ka\u017ed\u00e9mu \u010dl\u00e1nku m\u00f4\u017eete prid\u00e1va\u0165 \u013eubovo\u013en\u00e9 pozn\u00e1mky. Pod\u013ea pozn\u00e1mok potom m\u00f4\u017eete \u010dl\u00e1nky <strong>filtrova\u0165 (filtrovacia li\u0161ta)<\/strong>. <\/p>\n\n\n\n<div class=\"wp-block-image\"><figure class=\"aligncenter size-large is-resized\"><img loading=\"lazy\" src=\"https:\/\/help.mediaboard.com\/wp-content\/uploads\/2023\/11\/Untitled-design-4-2-1024x355.png\" alt=\"\" class=\"wp-image-3588\" width=\"512\" height=\"178\" srcset=\"https:\/\/help.mediaboard.com\/wp-content\/uploads\/2023\/11\/Untitled-design-4-2-1024x355.png 1024w, https:\/\/help.mediaboard.com\/wp-content\/uploads\/2023\/11\/Untitled-design-4-2-300x104.png 300w, https:\/\/help.mediaboard.com\/wp-content\/uploads\/2023\/11\/Untitled-design-4-2-768x266.png 768w, https:\/\/help.mediaboard.com\/wp-content\/uploads\/2023\/11\/Untitled-design-4-2-1536x533.png 1536w, https:\/\/help.mediaboard.com\/wp-content\/uploads\/2023\/11\/Untitled-design-4-2.png 1846w\" sizes=\"(max-width: 512px) 100vw, 512px\" \/><\/figure><\/div>\n\n\n\n<p class=\"has-text-color has-large-font-size\" style=\"color:#0ca8d0\"><br><strong>\u0160t\u00edtky<\/strong><\/p>\n\n\n\n<div class=\"wp-block-image\"><figure class=\"aligncenter size-large is-resized\"><img loading=\"lazy\" src=\"https:\/\/help.mediaboard.com\/wp-content\/uploads\/2023\/11\/Untitled-design-7-1024x498.png\" alt=\"\" class=\"wp-image-3595\" width=\"768\" height=\"374\" srcset=\"https:\/\/help.mediaboard.com\/wp-content\/uploads\/2023\/11\/Untitled-design-7-1024x498.png 1024w, https:\/\/help.mediaboard.com\/wp-content\/uploads\/2023\/11\/Untitled-design-7-300x146.png 300w, https:\/\/help.mediaboard.com\/wp-content\/uploads\/2023\/11\/Untitled-design-7-768x373.png 768w, https:\/\/help.mediaboard.com\/wp-content\/uploads\/2023\/11\/Untitled-design-7-1536x747.png 1536w, https:\/\/help.mediaboard.com\/wp-content\/uploads\/2023\/11\/Untitled-design-7-2048x996.png 2048w\" sizes=\"(max-width: 768px) 100vw, 768px\" \/><\/figure><\/div>\n\n\n\n<p>Okrem koment\u00e1rov m\u00f4\u017eete \u010dl\u00e1nky aj \u0161t\u00edtkova\u0165. \u0160t\u00edtok je mo\u017en\u00e9 vytvori\u0165 bu\u010f <strong>priamo pri \u010dl\u00e1nku<\/strong>, alebo na \u013eavej strane v <strong>preh\u013eade \u0161t\u00edtkov<\/strong>. <br>Ak na dan\u00fd \u0161t\u00edtok kliknete, vygeneruj\u00fa sa len \u010dl\u00e1nky s t\u00fdmto \u0161t\u00edtkom a tak pomocou \u0161t\u00edtkov je mo\u017en\u00e9 \u010dl\u00e1nky aj filtrova\u0165.<\/p>\n\n\n\n<p class=\"has-text-color has-large-font-size\" style=\"color:#0ca8d0\"><br><strong>Sentiment<\/strong><\/p>\n\n\n\n<div class=\"wp-block-image\"><figure class=\"aligncenter size-large is-resized\"><img loading=\"lazy\" src=\"https:\/\/help.mediaboard.com\/wp-content\/uploads\/2023\/11\/Untitled-design-3-2-1024x372.png\" alt=\"\" class=\"wp-image-3592\" width=\"512\" height=\"186\" srcset=\"https:\/\/help.mediaboard.com\/wp-content\/uploads\/2023\/11\/Untitled-design-3-2-1024x372.png 1024w, https:\/\/help.mediaboard.com\/wp-content\/uploads\/2023\/11\/Untitled-design-3-2-300x109.png 300w, https:\/\/help.mediaboard.com\/wp-content\/uploads\/2023\/11\/Untitled-design-3-2-768x279.png 768w, https:\/\/help.mediaboard.com\/wp-content\/uploads\/2023\/11\/Untitled-design-3-2-1536x557.png 1536w, https:\/\/help.mediaboard.com\/wp-content\/uploads\/2023\/11\/Untitled-design-3-2.png 1786w\" sizes=\"(max-width: 512px) 100vw, 512px\" \/><\/figure><\/div>\n\n\n\n<p>K \u010dl\u00e1nku m\u00f4\u017eete pripoji\u0165 i sentiment.  Sentiment vypoved\u00e1 o tom, \u010di spr\u00e1va vyznieva pozit\u00edvne, negat\u00edvne, neutr\u00e1lne, alebo ambivalentne. Na z\u00e1klade tak\u00e9hoto pos\u00fadenia jednotliv\u00fdch spr\u00e1v z m\u00e9di\u00ed je mo\u017en\u00e9 zhodnoti\u0165, ak\u00e9 je hodnotov\u00e9 vyznenie celkov\u00e9ho medi\u00e1lneho obrazu subjektu. <\/p>\n\n\n\n<p><strong>Automatick\u00fd sentiment<\/strong><br>Sentiment je automaticky prira\u010fovan\u00fd k \u010dl\u00e1nkom na z\u00e1klade strojov\u00e9ho u\u010denia a na z\u00e1klade datab\u00e1zy slovn\u00fdch v\u00fdrazov. <br><br><strong>Automatick\u00fd sentiment patr\u00ed medzi nadstavbov\u00e9 slu\u017eby. V pr\u00edpade z\u00e1ujmu o automatick\u00fd sentiment n\u00e1s pros\u00edm kontaktujte. <\/strong><\/p>\n","protected":false},"excerpt":{"rendered":"<p>Pozn\u00e1mky Ku ka\u017ed\u00e9mu \u010dl\u00e1nku m\u00f4\u017eete prid\u00e1va\u0165 \u013eubovo\u013en\u00e9 pozn\u00e1mky. Pod\u013ea pozn\u00e1mok potom m\u00f4\u017eete \u010dl\u00e1nky filtrova\u0165 (filtrovacia li\u0161ta). \u0160t\u00edtky Okrem koment\u00e1rov m\u00f4\u017eete \u010dl\u00e1nky aj \u0161t\u00edtkova\u0165. \u0160t\u00edtok je&#8230;<\/p>\n","protected":false},"author":1,"featured_media":0,"parent":1139,"menu_order":0,"comment_status":"closed","ping_status":"closed","template":"","meta":[],"_links":{"self":[{"href":"https:\/\/help.mediaboard.com\/sk\/wp-json\/wp\/v2\/pages\/1156\/"}],"collection":[{"href":"https:\/\/help.mediaboard.com\/sk\/wp-json\/wp\/v2\/pages\/"}],"about":[{"href":"https:\/\/help.mediaboard.com\/sk\/wp-json\/wp\/v2\/types\/page\/"}],"author":[{"embeddable":true,"href":"https:\/\/help.mediaboard.com\/sk\/wp-json\/wp\/v2\/users\/1\/"}],"replies":[{"embeddable":true,"href":"https:\/\/help.mediaboard.com\/sk\/wp-json\/wp\/v2\/comments\/?post=1156"}],"version-history":[{"count":4,"href":"https:\/\/help.mediaboard.com\/sk\/wp-json\/wp\/v2\/pages\/1156\/revisions\/"}],"predecessor-version":[{"id":3601,"href":"https:\/\/help.mediaboard.com\/sk\/wp-json\/wp\/v2\/pages\/1156\/revisions\/3601\/"}],"up":[{"embeddable":true,"href":"https:\/\/help.mediaboard.com\/sk\/wp-json\/wp\/v2\/pages\/1139\/"}],"wp:attachment":[{"href":"https:\/\/help.mediaboard.com\/sk\/wp-json\/wp\/v2\/media\/?parent=1156"}],"curies":[{"name":"wp","href":"https:\/\/api.w.org\/{rel}","templated":true}]}}