{"id":1159,"date":"2019-05-29T13:45:26","date_gmt":"2019-05-29T11:45:26","guid":{"rendered":"https:\/\/help.mediaboard.com\/monitora\/jak-monitoru-pouzivat\/export-clanku\/"},"modified":"2023-11-02T16:16:13","modified_gmt":"2023-11-02T15:16:13","slug":"export-clankov","status":"publish","type":"page","link":"https:\/\/help.mediaboard.com\/sk\/mediaboard\/ako-mediaboard-pouzivat\/export-clankov\/","title":{"rendered":"Export \u010dl\u00e1nkov"},"content":{"rendered":"\n<p>\u010cl\u00e1nky si m\u00f4\u017eete exportova\u0165, alebo ich posla\u0165 v reporte e-mailom na vybran\u00fdch adres\u00e1tov priamo z aplik\u00e1cie. <br><br>V\u00fdber \u010dl\u00e1nkov m\u00f4\u017eete vykona\u0165 bu\u010f hromadne prostredn\u00edctvom ikonky <strong>Vybra\u0165<\/strong>, ktor\u00fa n\u00e1jdete pod \u00favodn\u00fdm grafom. T\u00fdmto sp\u00f4sobom m\u00f4\u017eete automaticky vybra\u0165 v\u0161etky vyfiltrovan\u00e9 \u010dl\u00e1nky (Vybra\u0165 -&gt; V\u0161etky), alebo len tie, ktor\u00e9 s\u00fa zobrazen\u00e9 aktu\u00e1lne vo feede (Vybra\u0165 -&gt; Zobrazen\u00e9). <br><br>\u010cl\u00e1nky m\u00f4\u017eete vybra\u0165 aj ru\u010dne v\u00fdberom za\u0161krt\u00e1vacieho pol\u00ed\u010dka v \u013eavom hornom rohu, ktor\u00e9 n\u00e1jdete pri ka\u017edom \u010dl\u00e1nku. T\u00fdmto sp\u00f4sobom m\u00f4\u017eete vybra\u0165 \u010dl\u00e1nky k exportu, alebo pre reportovanie. <br><br>Ke\u010f za\u0161krtnete \u010dl\u00e1nok, zobrazia sa V\u00e1m pod hlavn\u00fdm grafom nov\u00e9 ikonky:<\/p>\n\n\n\n<div class=\"wp-block-image\"><figure class=\"aligncenter size-full is-resized\"><img loading=\"lazy\" src=\"https:\/\/help.mediaboard.com\/wp-content\/uploads\/2023\/11\/Sni\u0301mek-obrazovky-2023-11-02-v-14.16.37.png\" alt=\"\" class=\"wp-image-3537\" width=\"368\" height=\"45\" srcset=\"https:\/\/help.mediaboard.com\/wp-content\/uploads\/2023\/11\/Sni\u0301mek-obrazovky-2023-11-02-v-14.16.37.png 736w, https:\/\/help.mediaboard.com\/wp-content\/uploads\/2023\/11\/Sni\u0301mek-obrazovky-2023-11-02-v-14.16.37-300x37.png 300w\" sizes=\"(max-width: 368px) 100vw, 368px\" \/><\/figure><\/div>\n\n\n\n<p class=\"has-text-color\" style=\"color:#077d53\">Stiahnu\u0165 \u2013 r\u00fdchly export<\/p>\n\n\n\n<p class=\"has-luminous-vivid-orange-color has-text-color\">Preposla\u0165 \u2013 r\u00fdchly report<\/p>\n\n\n\n<p class=\"has-vivid-cyan-blue-color has-text-color\">Prida\u0165 do exportu \u2013 \u010dl\u00e1nok sa ulo\u017e\u00ed do sekcie Export. V tejto sekcii si m\u00f4\u017eete vytv\u00e1ra\u0165 zoznam \u010dl\u00e1nkov, ktor\u00fd potom m\u00f4\u017eete stiahnu\u0165, alebo preposla\u0165 na e-mailov\u00fdch adres\u00e1tov. V sekcii Export zostane do vtedy, k\u00fdm ho nezma\u017eete.<\/p>\n\n\n\n<p class=\"has-light-green-cyan-color has-text-color\">Nastavenie sentimentu \u2013 m\u00e1te mo\u017enos\u0165 manu\u00e1lne nastavi\u0165 sentiment jednotliv\u00fdch \u010dl\u00e1nkov.<\/p>\n\n\n\n<p class=\"has-pale-cyan-blue-color has-text-color\">Priradi\u0165 \u0161t\u00edtok \u2013 \u010dl\u00e1nok m\u00f4\u017eete priradi\u0165 k \u0161t\u00edtkom.<\/p>\n\n\n\n<p class=\"has-vivid-red-color has-text-color\">Odstr\u00e1ni\u0165 \u010dl\u00e1nok \u2013 \u010dl\u00e1nok sa nen\u00e1vratne odstr\u00e1ni.<\/p>\n\n\n\n<p class=\"has-vivid-red-color has-text-color\">Odstr\u00e1ni\u0165 \u010dl\u00e1nok \u2013 \u010dl\u00e1nok sa nen\u00e1vratne zma\u017ee.<\/p>\n\n\n\n<p>Ak zvol\u00edte mo\u017enos\u0165 Prida\u0165 do exportu, v\u00fdber \u010dl\u00e1nkov sa v\u00e1m ulo\u017e\u00ed do sekcie Export, v ktorej s \u010dl\u00e1nkami m\u00f4\u017eete \u010falej pracova\u0165, preposla\u0165 ich, alebo si ich stiahnu\u0165. <\/p>\n\n\n\n<div class=\"wp-block-image\"><figure class=\"aligncenter size-large is-resized\"><img loading=\"lazy\" src=\"https:\/\/help.mediaboard.com\/wp-content\/uploads\/2023\/11\/Untitled-design-1-2-1024x462.png\" alt=\"\" class=\"wp-image-3547\" width=\"768\" height=\"347\" srcset=\"https:\/\/help.mediaboard.com\/wp-content\/uploads\/2023\/11\/Untitled-design-1-2-1024x462.png 1024w, https:\/\/help.mediaboard.com\/wp-content\/uploads\/2023\/11\/Untitled-design-1-2-300x135.png 300w, https:\/\/help.mediaboard.com\/wp-content\/uploads\/2023\/11\/Untitled-design-1-2-768x347.png 768w, https:\/\/help.mediaboard.com\/wp-content\/uploads\/2023\/11\/Untitled-design-1-2-1536x693.png 1536w, https:\/\/help.mediaboard.com\/wp-content\/uploads\/2023\/11\/Untitled-design-1-2-2048x925.png 2048w\" sizes=\"(max-width: 768px) 100vw, 768px\" \/><\/figure><\/div>\n","protected":false},"excerpt":{"rendered":"<p>\u010cl\u00e1nky si m\u00f4\u017eete exportova\u0165, alebo ich posla\u0165 v reporte e-mailom na vybran\u00fdch adres\u00e1tov priamo z aplik\u00e1cie. V\u00fdber \u010dl\u00e1nkov m\u00f4\u017eete vykona\u0165 bu\u010f hromadne prostredn\u00edctvom ikonky Vybra\u0165,&#8230;<\/p>\n","protected":false},"author":1,"featured_media":0,"parent":1139,"menu_order":0,"comment_status":"closed","ping_status":"closed","template":"","meta":[],"_links":{"self":[{"href":"https:\/\/help.mediaboard.com\/sk\/wp-json\/wp\/v2\/pages\/1159\/"}],"collection":[{"href":"https:\/\/help.mediaboard.com\/sk\/wp-json\/wp\/v2\/pages\/"}],"about":[{"href":"https:\/\/help.mediaboard.com\/sk\/wp-json\/wp\/v2\/types\/page\/"}],"author":[{"embeddable":true,"href":"https:\/\/help.mediaboard.com\/sk\/wp-json\/wp\/v2\/users\/1\/"}],"replies":[{"embeddable":true,"href":"https:\/\/help.mediaboard.com\/sk\/wp-json\/wp\/v2\/comments\/?post=1159"}],"version-history":[{"count":7,"href":"https:\/\/help.mediaboard.com\/sk\/wp-json\/wp\/v2\/pages\/1159\/revisions\/"}],"predecessor-version":[{"id":3550,"href":"https:\/\/help.mediaboard.com\/sk\/wp-json\/wp\/v2\/pages\/1159\/revisions\/3550\/"}],"up":[{"embeddable":true,"href":"https:\/\/help.mediaboard.com\/sk\/wp-json\/wp\/v2\/pages\/1139\/"}],"wp:attachment":[{"href":"https:\/\/help.mediaboard.com\/sk\/wp-json\/wp\/v2\/media\/?parent=1159"}],"curies":[{"name":"wp","href":"https:\/\/api.w.org\/{rel}","templated":true}]}}