{"id":1162,"date":"2019-05-29T16:21:41","date_gmt":"2019-05-29T14:21:41","guid":{"rendered":"https:\/\/help.mediaboard.com\/monitora\/jak-monitoru-pouzivat\/medialni-archiv\/"},"modified":"2023-11-02T16:15:26","modified_gmt":"2023-11-02T15:15:26","slug":"medialny-archiv","status":"publish","type":"page","link":"https:\/\/help.mediaboard.com\/sk\/mediaboard\/ako-mediaboard-pouzivat\/medialny-archiv\/","title":{"rendered":"Medi\u00e1lny arch\u00edv"},"content":{"rendered":"\n<p>V medi\u00e1lnom arch\u00edve m\u00f4\u017eete vyh\u013ead\u00e1va\u0165 pomocou <strong>hornej vyh\u013ead\u00e1vacej li\u0161ty<\/strong>. <\/p>\n\n\n\n<div class=\"wp-block-image\"><figure class=\"aligncenter size-large\"><img loading=\"lazy\" width=\"1024\" height=\"321\" src=\"https:\/\/help.mediaboard.com\/wp-content\/uploads\/2023\/11\/Untitled-design-6-1024x321.png\" alt=\"\" class=\"wp-image-3584\" srcset=\"https:\/\/help.mediaboard.com\/wp-content\/uploads\/2023\/11\/Untitled-design-6-1024x321.png 1024w, https:\/\/help.mediaboard.com\/wp-content\/uploads\/2023\/11\/Untitled-design-6-300x94.png 300w, https:\/\/help.mediaboard.com\/wp-content\/uploads\/2023\/11\/Untitled-design-6-768x240.png 768w, https:\/\/help.mediaboard.com\/wp-content\/uploads\/2023\/11\/Untitled-design-6-1536x481.png 1536w, https:\/\/help.mediaboard.com\/wp-content\/uploads\/2023\/11\/Untitled-design-6-2048x641.png 2048w\" sizes=\"(max-width: 1024px) 100vw, 1024px\" \/><\/figure><\/div>\n\n\n\n<p><\/p>\n\n\n\n<p>Okam\u017eite po zadan\u00ed k\u013e\u00fa\u010dov\u00e9ho slova do vyh\u013ead\u00e1vania, sa vo feede automaticky vygeneruj\u00fa zachyten\u00e9 \u010dl\u00e1nky a vy m\u00f4\u017eete nad vygenerovan\u00fdmi \u010dl\u00e1nkami pou\u017ei\u0165 klasick\u00e9 filtrovacie mo\u017enosti v li\u0161te filtrov. Pri zad\u00e1van\u00ed k\u013e\u00fa\u010dov\u00fdch slov odpor\u00fa\u010dame postupova\u0165 pod\u013ea<a href=\"https:\/\/app.mediaboard.com\/help\/search\" target=\"_blank\" rel=\"noreferrer noopener\"> n\u00e1vodu<\/a>. <\/p>\n","protected":false},"excerpt":{"rendered":"<p>V medi\u00e1lnom arch\u00edve m\u00f4\u017eete vyh\u013ead\u00e1va\u0165 pomocou hornej vyh\u013ead\u00e1vacej li\u0161ty. Okam\u017eite po zadan\u00ed k\u013e\u00fa\u010dov\u00e9ho slova do vyh\u013ead\u00e1vania, sa vo feede automaticky vygeneruj\u00fa zachyten\u00e9 \u010dl\u00e1nky a vy&#8230;<\/p>\n","protected":false},"author":1,"featured_media":0,"parent":1139,"menu_order":0,"comment_status":"closed","ping_status":"closed","template":"","meta":[],"_links":{"self":[{"href":"https:\/\/help.mediaboard.com\/sk\/wp-json\/wp\/v2\/pages\/1162\/"}],"collection":[{"href":"https:\/\/help.mediaboard.com\/sk\/wp-json\/wp\/v2\/pages\/"}],"about":[{"href":"https:\/\/help.mediaboard.com\/sk\/wp-json\/wp\/v2\/types\/page\/"}],"author":[{"embeddable":true,"href":"https:\/\/help.mediaboard.com\/sk\/wp-json\/wp\/v2\/users\/1\/"}],"replies":[{"embeddable":true,"href":"https:\/\/help.mediaboard.com\/sk\/wp-json\/wp\/v2\/comments\/?post=1162"}],"version-history":[{"count":4,"href":"https:\/\/help.mediaboard.com\/sk\/wp-json\/wp\/v2\/pages\/1162\/revisions\/"}],"predecessor-version":[{"id":3587,"href":"https:\/\/help.mediaboard.com\/sk\/wp-json\/wp\/v2\/pages\/1162\/revisions\/3587\/"}],"up":[{"embeddable":true,"href":"https:\/\/help.mediaboard.com\/sk\/wp-json\/wp\/v2\/pages\/1139\/"}],"wp:attachment":[{"href":"https:\/\/help.mediaboard.com\/sk\/wp-json\/wp\/v2\/media\/?parent=1162"}],"curies":[{"name":"wp","href":"https:\/\/api.w.org\/{rel}","templated":true}]}}