{"id":1171,"date":"2019-05-29T16:29:58","date_gmt":"2019-05-29T14:29:58","guid":{"rendered":"https:\/\/help.mediaboard.com\/monitora\/jak-monitoru-pouzivat\/tvr\/"},"modified":"2023-06-23T14:06:16","modified_gmt":"2023-06-23T12:06:16","slug":"krizova-komunikacia","status":"publish","type":"page","link":"https:\/\/help.mediaboard.com\/sk\/mediaboard\/ako-mediaboard-pouzivat\/krizova-komunikacia\/","title":{"rendered":"Kr\u00edzov\u00e1 komunik\u00e1cia"},"content":{"rendered":"\n<p><strong>Do 3 min\u00fat<\/strong>&nbsp;&nbsp;od zaznenia relevantn\u00e9ho k\u013e\u00fa\u010dov\u00e9ho slova dostanete na&nbsp;&nbsp;<strong>e-mail, alebo SMS<\/strong>&nbsp;&nbsp;upozornenie spolu s&nbsp;<strong>trojmin\u00fatovou nahr\u00e1vkou<\/strong>&nbsp;relevantnej \u010dasti&nbsp;<strong>telev\u00edzneho, alebo rozhlasov\u00e9ho vysielania.<\/strong>&nbsp;Navy\u0161e ako jedin\u00ed v SR a \u010cR sledujeme a zachyt\u00e1vame zmienky v textoch, ktor\u00e9 sa objavia na obrazovke telev\u00edzneho vysielania.<\/p>\n\n\n\n<h2>Vlastnosti slu\u017eby Kr\u00edzov\u00e1 komunik\u00e1cia<\/h2>\n\n\n\n<p><\/p>\n\n\n\n<p>&#8211; rozpozn\u00e1vanie hovoren\u00e9ho slova v telev\u00edznom a rozhlasovom vysielan\u00ed<br>&#8211; rozpozn\u00e1vanie textu na obrazovke telev\u00edzneho vysielania<br>&#8211; monitoring vysielania 24\/7<br>&#8211; upozornenie do 3 min\u00fat od odvysielania na e-mail alebo SMS<br>&#8211; trojmin\u00fatov\u00e1 video\/audio nahr\u00e1vka s mo\u017enos\u0165ou stiahnutia<br>&#8211; automatick\u00fd prepis hovoren\u00e9ho slova sa zv\u00fdraznen\u00fdmi k\u013e\u00fa\u010dov\u00fdmi slovami<br>&#8211; v\u00fdstupy k dispoz\u00edcii v syst\u00e9me po neobmedzen\u00fa dobu s mo\u017enos\u0165ou filtr\u00e1ci\u00ed a h\u013eadania<\/p>\n\n\n\n<p><\/p>\n\n\n\n<h2>Monitorovan\u00e9 zdroje<\/h2>\n\n\n\n<p><\/p>\n\n\n\n<h3>Telev\u00edzia<\/h3>\n\n\n\n<p><strong>SR<\/strong>: JOJ, Mark\u00edza, STV1, STV2, TA3<br><strong>\u010cR<\/strong>: Barrandov TV, CNN Prima News, DVTV, Nova, Prima, TV Praha, TV Seznam, \u010cT1, \u010cT2, \u010cT24<\/p>\n\n\n\n<p><\/p>\n\n\n\n<h3>Rozhlas<\/h3>\n\n\n\n<p><strong>SR<\/strong>: Fun r\u00e1dio, R\u00e1dio Expres, R\u00e1dio FM, R\u00e1dio Ko\u0161ice, R\u00e1dio Lumen, R\u00e1dio Regina (v\u00fdchod), R\u00e1dio Regina (z\u00e1pad), R\u00e1dio Regina (stred), R\u00e1dio Slovensko, R\u00e1dio \u0160\u00edrava, R\u00e1dio Vlna<br><strong>\u010cR<\/strong>: Blan\u00edk, Frekvence 1, Impuls, Radio City, R\u00e1dio Z, \u010cRo Brno, \u010cRo DAB Praha, \u010cRo Dvojka, \u010cRo Hradec Kr\u00e1lov\u00e9, \u010cRo Karlovy Vary, \u010cRo Liberec, \u010cRo Olomouc, \u010cRo Ostrava, \u010cRo Pardubice, \u010cRo Plus, \u010cRo Plze\u0148, \u010cRo Radio\u017eurn\u00e1l, \u010cRo Region, \u010cRo Region &#8211; St\u0159edo\u010desk\u00fd kraj, \u010cRo Sever, \u010cRo Vyso\u010dina, \u010cRo Zl\u00edn, \u010cRo \u010cesk\u00e9 Bud\u011bjovice<\/p>\n\n\n\n<p><\/p>\n\n\n\n<p><strong>Pokia\u013e m\u00e1te z\u00e1ujem o slu\u017ebu Kr\u00edzov\u00e1 komunik\u00e1cia, pros\u00edm kontaktujte n\u00e1s na\u00a0\u00a0<a rel=\"noreferrer noopener\" target=\"_blank\" href=\"mailto:obchod@mediaboard.sk\">obchod@<\/a><a href=\"mailto:obchod@mediaboard.sk\" target=\"_blank\" rel=\"noreferrer noopener\">m<\/a><a rel=\"noreferrer noopener\" target=\"_blank\" href=\"mailto:obchod@mediaboard.sk\">ediaboard.sk<\/a>\u00a0alebo dajte vedie\u0165 V\u00e1\u0161mu accountovi.<\/strong><\/p>\n","protected":false},"excerpt":{"rendered":"<p>Do 3 min\u00fat&nbsp;&nbsp;od zaznenia relevantn\u00e9ho k\u013e\u00fa\u010dov\u00e9ho slova dostanete na&nbsp;&nbsp;e-mail, alebo SMS&nbsp;&nbsp;upozornenie spolu s&nbsp;trojmin\u00fatovou nahr\u00e1vkou&nbsp;relevantnej \u010dasti&nbsp;telev\u00edzneho, alebo rozhlasov\u00e9ho vysielania.&nbsp;Navy\u0161e ako jedin\u00ed v SR a \u010cR sledujeme&#8230;<\/p>\n","protected":false},"author":1,"featured_media":0,"parent":1139,"menu_order":0,"comment_status":"closed","ping_status":"closed","template":"","meta":[],"_links":{"self":[{"href":"https:\/\/help.mediaboard.com\/sk\/wp-json\/wp\/v2\/pages\/1171\/"}],"collection":[{"href":"https:\/\/help.mediaboard.com\/sk\/wp-json\/wp\/v2\/pages\/"}],"about":[{"href":"https:\/\/help.mediaboard.com\/sk\/wp-json\/wp\/v2\/types\/page\/"}],"author":[{"embeddable":true,"href":"https:\/\/help.mediaboard.com\/sk\/wp-json\/wp\/v2\/users\/1\/"}],"replies":[{"embeddable":true,"href":"https:\/\/help.mediaboard.com\/sk\/wp-json\/wp\/v2\/comments\/?post=1171"}],"version-history":[{"count":11,"href":"https:\/\/help.mediaboard.com\/sk\/wp-json\/wp\/v2\/pages\/1171\/revisions\/"}],"predecessor-version":[{"id":2769,"href":"https:\/\/help.mediaboard.com\/sk\/wp-json\/wp\/v2\/pages\/1171\/revisions\/2769\/"}],"up":[{"embeddable":true,"href":"https:\/\/help.mediaboard.com\/sk\/wp-json\/wp\/v2\/pages\/1139\/"}],"wp:attachment":[{"href":"https:\/\/help.mediaboard.com\/sk\/wp-json\/wp\/v2\/media\/?parent=1171"}],"curies":[{"name":"wp","href":"https:\/\/api.w.org\/{rel}","templated":true}]}}