{"id":1174,"date":"2019-05-29T16:35:08","date_gmt":"2019-05-29T14:35:08","guid":{"rendered":"https:\/\/help.mediaboard.com\/monitora\/jak-monitoru-pouzivat\/uzivatelsky-ucet\/"},"modified":"2023-11-02T16:21:27","modified_gmt":"2023-11-02T15:21:27","slug":"uzivatelsky-ucet","status":"publish","type":"page","link":"https:\/\/help.mediaboard.com\/sk\/mediaboard\/ako-mediaboard-pouzivat\/uzivatelsky-ucet\/","title":{"rendered":"U\u017e\u00edvate\u013esk\u00fd \u00fa\u010det"},"content":{"rendered":"\n<div class=\"wp-block-image\"><figure class=\"aligncenter size-large\"><img loading=\"lazy\" width=\"1024\" height=\"264\" src=\"https:\/\/help.mediaboard.com\/wp-content\/uploads\/2023\/11\/Untitled-design-9-1024x264.png\" alt=\"\" class=\"wp-image-3606\" srcset=\"https:\/\/help.mediaboard.com\/wp-content\/uploads\/2023\/11\/Untitled-design-9-1024x264.png 1024w, https:\/\/help.mediaboard.com\/wp-content\/uploads\/2023\/11\/Untitled-design-9-300x77.png 300w, https:\/\/help.mediaboard.com\/wp-content\/uploads\/2023\/11\/Untitled-design-9-768x198.png 768w, https:\/\/help.mediaboard.com\/wp-content\/uploads\/2023\/11\/Untitled-design-9-1536x397.png 1536w, https:\/\/help.mediaboard.com\/wp-content\/uploads\/2023\/11\/Untitled-design-9-2048x529.png 2048w\" sizes=\"(max-width: 1024px) 100vw, 1024px\" \/><figcaption><br><\/figcaption><\/figure><\/div>\n\n\n\n<p>V <strong>Nastaveniach <\/strong>n\u00e1jdete inform\u00e1cie o va\u0161om \u00fa\u010dte, o limitoch, o monitorovan\u00fdch m\u00e9di\u00e1ch a o funkcionalit\u00e1ch aplik\u00e1cie, ktor\u00e9 m\u00e1te k dispoz\u00edcii a ktor\u00e9 nie. <\/p>\n\n\n\n<p><strong>Inform\u00e1cie o tarife<\/strong> &#8211; v Nastaveniach n\u00e1jdete stav limitov pre export \u010dl\u00e1nkov a pre n\u00e1jden\u00e9 \u010dl\u00e1nky cez T\u00e9my. Z\u00e1rove\u0148 tu m\u00f4\u017eete po\u017eiada\u0165 o nav\u00fd\u0161enie.<br><br><strong>Logo<\/strong> &#8211; v Nastaveniach m\u00f4\u017eete nahra\u0165 vlastn\u00e9 logo, ktor\u00e9 potom bude zobrazen\u00e9 v reportoch, exportoch a v samotnej aplik\u00e1cii.<br><br><strong>Mena<\/strong> &#8211; m\u00f4\u017eete si tie\u017e zvoli\u0165, v akej mene sa bude po\u010d\u00edta\u0165 AVE. <br><br><strong>Zmena hesla &#8211; <\/strong>v Nastaveniach si m\u00f4\u017eete zmeni\u0165 svoje aktu\u00e1lne heslo.<\/p>\n","protected":false},"excerpt":{"rendered":"<p>V Nastaveniach n\u00e1jdete inform\u00e1cie o va\u0161om \u00fa\u010dte, o limitoch, o monitorovan\u00fdch m\u00e9di\u00e1ch a o funkcionalit\u00e1ch aplik\u00e1cie, ktor\u00e9 m\u00e1te k dispoz\u00edcii a ktor\u00e9 nie. Inform\u00e1cie o&#8230;<\/p>\n","protected":false},"author":1,"featured_media":0,"parent":1139,"menu_order":0,"comment_status":"closed","ping_status":"closed","template":"","meta":[],"_links":{"self":[{"href":"https:\/\/help.mediaboard.com\/sk\/wp-json\/wp\/v2\/pages\/1174\/"}],"collection":[{"href":"https:\/\/help.mediaboard.com\/sk\/wp-json\/wp\/v2\/pages\/"}],"about":[{"href":"https:\/\/help.mediaboard.com\/sk\/wp-json\/wp\/v2\/types\/page\/"}],"author":[{"embeddable":true,"href":"https:\/\/help.mediaboard.com\/sk\/wp-json\/wp\/v2\/users\/1\/"}],"replies":[{"embeddable":true,"href":"https:\/\/help.mediaboard.com\/sk\/wp-json\/wp\/v2\/comments\/?post=1174"}],"version-history":[{"count":4,"href":"https:\/\/help.mediaboard.com\/sk\/wp-json\/wp\/v2\/pages\/1174\/revisions\/"}],"predecessor-version":[{"id":3609,"href":"https:\/\/help.mediaboard.com\/sk\/wp-json\/wp\/v2\/pages\/1174\/revisions\/3609\/"}],"up":[{"embeddable":true,"href":"https:\/\/help.mediaboard.com\/sk\/wp-json\/wp\/v2\/pages\/1139\/"}],"wp:attachment":[{"href":"https:\/\/help.mediaboard.com\/sk\/wp-json\/wp\/v2\/media\/?parent=1174"}],"curies":[{"name":"wp","href":"https:\/\/api.w.org\/{rel}","templated":true}]}}