{"id":1185,"date":"2019-06-03T16:03:34","date_gmt":"2019-06-03T14:03:34","guid":{"rendered":"https:\/\/help.mediaboard.com\/monitora\/medialni-sluzby\/manazerska-shrnuti\/"},"modified":"2023-11-01T10:21:08","modified_gmt":"2023-11-01T09:21:08","slug":"manazerske-zhrnutia","status":"publish","type":"page","link":"https:\/\/help.mediaboard.com\/sk\/mediaboard\/medialni-sluzby\/manazerske-zhrnutia\/","title":{"rendered":"Mana\u017e\u00e9rske zhrnutia"},"content":{"rendered":"\n<p class=\"has-text-align-left\"><strong>Potrebujete sledova\u0165 ve\u013ea t\u00e9m a m\u00e1te tak i ve\u013ea v\u00fdstupov? St\u00e1va sa z v\u00e1\u0161ho reportu nie\u010do nepreh\u013eadn\u00e9 a trv\u00e1 v\u00e1m dlho, k\u00fdm ho prejdete? Preto pon\u00fakame mana\u017e\u00e9rske zhrnutia. <\/strong><\/p>\n\n\n\n<p>N\u00e1\u0161 medi\u00e1lny analytik ka\u017ed\u00e9 r\u00e1no prejde v\u00fdsledky a nap\u00ed\u0161e stru\u010dn\u00e9 zhrnutie v slovenskom, \u010deskom, alebo anglickom jazyku priamo do hlavi\u010dky v\u00e1\u0161ho reportu. To je u\u017eito\u010dn\u00e9 najm\u00e4 vtedy, ak m\u00e1te denne ve\u013ek\u00e9 mno\u017estvo v\u00fdstupov a je n\u00e1ro\u010dn\u00e9 sa v nich zorientova\u0165 a n\u00e1js\u0165 to zauj\u00edmav\u00e9, alebo ak je potrebn\u00e9 komunikova\u0165 ostatn\u00fdm kolegom len sum\u00e1r toho hlavn\u00e9ho a nie v\u0161etky v\u00fdsledky. <\/p>\n\n\n\n<p>Analytik m\u00f4\u017ee v\u00fdsledky manu\u00e1lne vytriedi\u0165, kategorizova\u0165, skontrolova\u0165, o\u0161t\u00edtkova\u0165, ur\u010di\u0165 sentiment, alebo v\u00fdstup \u010falej distribuova\u0165 na ur\u010den\u00fdch kolegov.<\/p>\n\n\n\n<p><br><\/p>\n","protected":false},"excerpt":{"rendered":"<p>Potrebujete sledova\u0165 ve\u013ea t\u00e9m a m\u00e1te tak i ve\u013ea v\u00fdstupov? St\u00e1va sa z v\u00e1\u0161ho reportu nie\u010do nepreh\u013eadn\u00e9 a trv\u00e1 v\u00e1m dlho, k\u00fdm ho prejdete? Preto&#8230;<\/p>\n","protected":false},"author":1,"featured_media":0,"parent":1177,"menu_order":0,"comment_status":"closed","ping_status":"closed","template":"","meta":[],"_links":{"self":[{"href":"https:\/\/help.mediaboard.com\/sk\/wp-json\/wp\/v2\/pages\/1185\/"}],"collection":[{"href":"https:\/\/help.mediaboard.com\/sk\/wp-json\/wp\/v2\/pages\/"}],"about":[{"href":"https:\/\/help.mediaboard.com\/sk\/wp-json\/wp\/v2\/types\/page\/"}],"author":[{"embeddable":true,"href":"https:\/\/help.mediaboard.com\/sk\/wp-json\/wp\/v2\/users\/1\/"}],"replies":[{"embeddable":true,"href":"https:\/\/help.mediaboard.com\/sk\/wp-json\/wp\/v2\/comments\/?post=1185"}],"version-history":[{"count":4,"href":"https:\/\/help.mediaboard.com\/sk\/wp-json\/wp\/v2\/pages\/1185\/revisions\/"}],"predecessor-version":[{"id":2123,"href":"https:\/\/help.mediaboard.com\/sk\/wp-json\/wp\/v2\/pages\/1185\/revisions\/2123\/"}],"up":[{"embeddable":true,"href":"https:\/\/help.mediaboard.com\/sk\/wp-json\/wp\/v2\/pages\/1177\/"}],"wp:attachment":[{"href":"https:\/\/help.mediaboard.com\/sk\/wp-json\/wp\/v2\/media\/?parent=1185"}],"curies":[{"name":"wp","href":"https:\/\/api.w.org\/{rel}","templated":true}]}}