{"id":1191,"date":"2019-06-03T16:15:55","date_gmt":"2019-06-03T14:15:55","guid":{"rendered":"https:\/\/help.mediaboard.com\/monitora\/medialni-sluzby\/preklady\/"},"modified":"2023-11-01T10:25:15","modified_gmt":"2023-11-01T09:25:15","slug":"preklady","status":"publish","type":"page","link":"https:\/\/help.mediaboard.com\/sk\/mediaboard\/medialni-sluzby\/preklady\/","title":{"rendered":"Preklady"},"content":{"rendered":"\n<p class=\"has-text-color\" style=\"color:#0ca8d0;font-size:25px\">Strojov\u00fd preklad<\/p>\n\n\n\n<p>Potrebujete prelo\u017ei\u0165 reporty do angli\u010dtiny, nem\u010diny, alebo do in\u00e9ho jazyka na klik? Pon\u00fakame strojov\u00fd preklad, v\u010faka ktor\u00e9mu v\u00e1m reporty pr\u00eddu u\u017e automaticky prelo\u017een\u00e9. <br>Pro automaticky prelo\u017een\u00e9 reporty n\u00e1s pros\u00edm kontaktujte &#8211; obchod@mediaboard.sk. <\/p>\n\n\n\n<p>Konkr\u00e9tny \u010dl\u00e1nok si m\u00f4\u017eete prelo\u017ei\u0165 na klik priamo v aplik\u00e1cii. Sta\u010d\u00ed si otvori\u0165 detail \u010dl\u00e1nku a v ponuke pod bodkami da\u0165 <strong>Prelo\u017ei\u0165 -&gt; vybran\u00fd jazyk<\/strong>. Ak chcete \u010dl\u00e1nok op\u00e4\u0165 v origin\u00e1ly, rovnakou cestou zvo\u013ete &#8222;Origin\u00e1l&#8220;.<\/p>\n\n\n\n<div class=\"wp-block-image\"><figure class=\"aligncenter size-large\"><img loading=\"lazy\" width=\"1024\" height=\"386\" src=\"https:\/\/help.mediaboard.com\/wp-content\/uploads\/2023\/11\/Sni\u0301mek-obrazovky-2023-11-01-v-10.23.56-1024x386.png\" alt=\"\" class=\"wp-image-3505\" srcset=\"https:\/\/help.mediaboard.com\/wp-content\/uploads\/2023\/11\/Sni\u0301mek-obrazovky-2023-11-01-v-10.23.56-1024x386.png 1024w, https:\/\/help.mediaboard.com\/wp-content\/uploads\/2023\/11\/Sni\u0301mek-obrazovky-2023-11-01-v-10.23.56-300x113.png 300w, https:\/\/help.mediaboard.com\/wp-content\/uploads\/2023\/11\/Sni\u0301mek-obrazovky-2023-11-01-v-10.23.56-768x289.png 768w, https:\/\/help.mediaboard.com\/wp-content\/uploads\/2023\/11\/Sni\u0301mek-obrazovky-2023-11-01-v-10.23.56-1536x579.png 1536w, https:\/\/help.mediaboard.com\/wp-content\/uploads\/2023\/11\/Sni\u0301mek-obrazovky-2023-11-01-v-10.23.56-2048x771.png 2048w\" sizes=\"(max-width: 1024px) 100vw, 1024px\" \/><\/figure><\/div>\n\n\n\n<p><\/p>\n\n\n\n<p><\/p>\n\n\n\n<p class=\"has-text-color\" style=\"color:#0ca8d0;font-size:25px\">Ru\u010dn\u00fd preklad do EN<\/p>\n\n\n\n<p>Pon\u00fakame manu\u00e1lny preklad v\u00fdstupov, kedy analytik prelo\u017e\u00ed zhrnutie medializ\u00e1cie, jednotliv\u00e9 anot\u00e1cie \u010dl\u00e1nkov, alebo cel\u00e9 \u010dl\u00e1nky a vy r\u00e1no dostanete u\u017e prelo\u017een\u00fd report v anglickom jazyku.<\/p>\n","protected":false},"excerpt":{"rendered":"<p>Strojov\u00fd preklad Potrebujete prelo\u017ei\u0165 reporty do angli\u010dtiny, nem\u010diny, alebo do in\u00e9ho jazyka na klik? Pon\u00fakame strojov\u00fd preklad, v\u010faka ktor\u00e9mu v\u00e1m reporty pr\u00eddu u\u017e automaticky prelo\u017een\u00e9&#8230;.<\/p>\n","protected":false},"author":1,"featured_media":0,"parent":1177,"menu_order":0,"comment_status":"closed","ping_status":"closed","template":"","meta":[],"_links":{"self":[{"href":"https:\/\/help.mediaboard.com\/sk\/wp-json\/wp\/v2\/pages\/1191\/"}],"collection":[{"href":"https:\/\/help.mediaboard.com\/sk\/wp-json\/wp\/v2\/pages\/"}],"about":[{"href":"https:\/\/help.mediaboard.com\/sk\/wp-json\/wp\/v2\/types\/page\/"}],"author":[{"embeddable":true,"href":"https:\/\/help.mediaboard.com\/sk\/wp-json\/wp\/v2\/users\/1\/"}],"replies":[{"embeddable":true,"href":"https:\/\/help.mediaboard.com\/sk\/wp-json\/wp\/v2\/comments\/?post=1191"}],"version-history":[{"count":5,"href":"https:\/\/help.mediaboard.com\/sk\/wp-json\/wp\/v2\/pages\/1191\/revisions\/"}],"predecessor-version":[{"id":3508,"href":"https:\/\/help.mediaboard.com\/sk\/wp-json\/wp\/v2\/pages\/1191\/revisions\/3508\/"}],"up":[{"embeddable":true,"href":"https:\/\/help.mediaboard.com\/sk\/wp-json\/wp\/v2\/pages\/1177\/"}],"wp:attachment":[{"href":"https:\/\/help.mediaboard.com\/sk\/wp-json\/wp\/v2\/media\/?parent=1191"}],"curies":[{"name":"wp","href":"https:\/\/api.w.org\/{rel}","templated":true}]}}