{"id":1194,"date":"2019-06-03T16:18:46","date_gmt":"2019-06-03T14:18:46","guid":{"rendered":"https:\/\/help.mediaboard.com\/monitora\/medialni-sluzby\/sms-upozorneni\/"},"modified":"2023-11-01T10:25:36","modified_gmt":"2023-11-01T09:25:36","slug":"sms-upozornenia","status":"publish","type":"page","link":"https:\/\/help.mediaboard.com\/sk\/mediaboard\/medialni-sluzby\/sms-upozornenia\/","title":{"rendered":"SMS upozornenia"},"content":{"rendered":"\n<p>Mediaboard dok\u00e1\u017ee posiela\u0165 SMS notifik\u00e1cie, ak sa \u010dl\u00e1nok objav\u00ed na d\u00f4le\u017eitom zdroji, obsahuje napr\u00edklad meno exponovanej osoby a podobne, po\u0161leme v\u00e1m SMS a viete o tom ako prv\u00fd.<br><br>SMS notifik\u00e1cie je mo\u017en\u00e9 nastavi\u0165 na konkr\u00e9tny typ spr\u00e1v, napr\u00edklad len na negat\u00edvne \u010dl\u00e1nky. <\/p>\n\n\n\n<p><br><\/p>\n","protected":false},"excerpt":{"rendered":"<p>Mediaboard dok\u00e1\u017ee posiela\u0165 SMS notifik\u00e1cie, ak sa \u010dl\u00e1nok objav\u00ed na d\u00f4le\u017eitom zdroji, obsahuje napr\u00edklad meno exponovanej osoby a podobne, po\u0161leme v\u00e1m SMS a viete o&#8230;<\/p>\n","protected":false},"author":1,"featured_media":0,"parent":1177,"menu_order":0,"comment_status":"closed","ping_status":"closed","template":"","meta":[],"_links":{"self":[{"href":"https:\/\/help.mediaboard.com\/sk\/wp-json\/wp\/v2\/pages\/1194\/"}],"collection":[{"href":"https:\/\/help.mediaboard.com\/sk\/wp-json\/wp\/v2\/pages\/"}],"about":[{"href":"https:\/\/help.mediaboard.com\/sk\/wp-json\/wp\/v2\/types\/page\/"}],"author":[{"embeddable":true,"href":"https:\/\/help.mediaboard.com\/sk\/wp-json\/wp\/v2\/users\/1\/"}],"replies":[{"embeddable":true,"href":"https:\/\/help.mediaboard.com\/sk\/wp-json\/wp\/v2\/comments\/?post=1194"}],"version-history":[{"count":4,"href":"https:\/\/help.mediaboard.com\/sk\/wp-json\/wp\/v2\/pages\/1194\/revisions\/"}],"predecessor-version":[{"id":2776,"href":"https:\/\/help.mediaboard.com\/sk\/wp-json\/wp\/v2\/pages\/1194\/revisions\/2776\/"}],"up":[{"embeddable":true,"href":"https:\/\/help.mediaboard.com\/sk\/wp-json\/wp\/v2\/pages\/1177\/"}],"wp:attachment":[{"href":"https:\/\/help.mediaboard.com\/sk\/wp-json\/wp\/v2\/media\/?parent=1194"}],"curies":[{"name":"wp","href":"https:\/\/api.w.org\/{rel}","templated":true}]}}