{"id":1200,"date":"2019-05-28T12:49:14","date_gmt":"2019-05-28T10:49:14","guid":{"rendered":"https:\/\/help.mediaboard.com\/monitora\/novinky\/"},"modified":"2024-03-18T11:31:57","modified_gmt":"2024-03-18T10:31:57","slug":"novinky","status":"publish","type":"page","link":"https:\/\/help.mediaboard.com\/sk\/mediaboard\/novinky\/","title":{"rendered":"Novinky"},"content":{"rendered":"\n<p class=\"has-text-align-center\"><strong>V\u0161etky novinky, pl\u00e1novan\u00e9 zmeny a vylep\u0161enia si m\u00f4\u017eete po prihl\u00e1sen\u00ed pozrie\u0165 v na\u0161ej Roadmape. <\/strong><\/p>\n\n\n\n<div class=\"wp-block-buttons is-content-justification-center\">\n<div class=\"wp-block-button\"><a class=\"wp-block-button__link has-white-color has-vivid-green-cyan-background-color has-text-color has-background\" href=\"https:\/\/produkt.mediaboard.com\/\" target=\"_blank\" rel=\"noreferrer noopener\"><strong>PREJS\u0164 ROADMAPU<\/strong><\/a><\/div>\n<\/div>\n\n\n\n<p><\/p>\n","protected":false},"excerpt":{"rendered":"<p>V\u0161etky novinky, pl\u00e1novan\u00e9 zmeny a vylep\u0161enia si m\u00f4\u017eete po prihl\u00e1sen\u00ed pozrie\u0165 v na\u0161ej Roadmape.<\/p>\n","protected":false},"author":1,"featured_media":3787,"parent":1130,"menu_order":0,"comment_status":"closed","ping_status":"closed","template":"","meta":[],"_links":{"self":[{"href":"https:\/\/help.mediaboard.com\/sk\/wp-json\/wp\/v2\/pages\/1200\/"}],"collection":[{"href":"https:\/\/help.mediaboard.com\/sk\/wp-json\/wp\/v2\/pages\/"}],"about":[{"href":"https:\/\/help.mediaboard.com\/sk\/wp-json\/wp\/v2\/types\/page\/"}],"author":[{"embeddable":true,"href":"https:\/\/help.mediaboard.com\/sk\/wp-json\/wp\/v2\/users\/1\/"}],"replies":[{"embeddable":true,"href":"https:\/\/help.mediaboard.com\/sk\/wp-json\/wp\/v2\/comments\/?post=1200"}],"version-history":[{"count":7,"href":"https:\/\/help.mediaboard.com\/sk\/wp-json\/wp\/v2\/pages\/1200\/revisions\/"}],"predecessor-version":[{"id":3767,"href":"https:\/\/help.mediaboard.com\/sk\/wp-json\/wp\/v2\/pages\/1200\/revisions\/3767\/"}],"up":[{"embeddable":true,"href":"https:\/\/help.mediaboard.com\/sk\/wp-json\/wp\/v2\/pages\/1130\/"}],"wp:featuredmedia":[{"embeddable":true,"href":"https:\/\/help.mediaboard.com\/sk\/wp-json\/wp\/v2\/media\/3787\/"}],"wp:attachment":[{"href":"https:\/\/help.mediaboard.com\/sk\/wp-json\/wp\/v2\/media\/?parent=1200"}],"curies":[{"name":"wp","href":"https:\/\/api.w.org\/{rel}","templated":true}]}}