{"id":1207,"date":"2019-06-17T16:48:17","date_gmt":"2019-06-17T14:48:17","guid":{"rendered":"https:\/\/help.mediaboard.com\/monitora\/mobilni-aplikace\/"},"modified":"2024-03-18T11:31:21","modified_gmt":"2024-03-18T10:31:21","slug":"mobilni-aplikace","status":"publish","type":"page","link":"https:\/\/help.mediaboard.com\/sk\/mediaboard\/mobilni-aplikace\/","title":{"rendered":"Mobiln\u00e1 aplik\u00e1cia"},"content":{"rendered":"\n<p>Aj ke\u010f je na\u0161a webov\u00e1 aplik\u00e1cia Mediaboard \u00faplne responz\u00edvna, vieme, \u017ee mobilnej aplik\u00e1cii sa v jednoduchosti pr\u00edstupu ni\u010d nevyrovn\u00e1. Preto sme vynalo\u017eili v\u0161etky sily, aby sme v\u00e1m mohli \u010do najsk\u00f4r poskytn\u00fa\u0165 i aplik\u00e1ciu do mobilu.<\/p>\n\n\n\n<p><strong>V\u010faka aplik\u00e1cii Mediaboard, m\u00e1te monitoring m\u00e9di\u00ed okam\u017eite po ruke<\/strong> \u2013 r\u00e1no pri k\u00e1ve, v elektri\u010dke, alebo pred d\u00f4le\u017eitou sch\u00f4dzkou. Aplik\u00e1cia umo\u017e\u0148uje jednoduch\u00e9 a r\u00fdchle prech\u00e1dzanie monitoringu m\u00e9di\u00ed bez zd\u013ahav\u00e9ho prihlasovania priamo vo va\u0161om mobile. Obsahuje v\u0161etky funkcionality, ktor\u00e9 pozn\u00e1te z webovej verzie, vr\u00e1tane Analytiky, alebo medi\u00e1lneho arch\u00edvu. Naviac si m\u00f4\u017eete nastavi\u0165 okam\u017eit\u00e9 upozornenia na nov\u00e9 \u010dl\u00e1nky priamo do mobilu. <\/p>\n\n\n\n<figure class=\"wp-block-video\"><video controls poster=\"https:\/\/help.mediaboard.com\/wp-content\/uploads\/2021\/11\/Snimek-obrazovky-2021-11-22-v-9.42.46.png\" src=\"https:\/\/help.mediaboard.com\/wp-content\/uploads\/2019\/06\/Mobiln\u00ed-aplikace-Monitora.mp4\"><\/video><\/figure>\n\n\n\n<p><\/p>\n\n\n\n<p class=\"has-text-align-center\"><strong>Pre v\u0161etk\u00fdch na\u0161ich u\u017e\u00edvate\u013eov je aplik\u00e1cia zadarmo a m\u00f4\u017eete si ju stiahn\u00fa\u0165 v <a href=\"https:\/\/apps.apple.com\/cz\/app\/monitora\/id1463394423?l=cs\">App Store<\/a>, alebo v <a href=\"https:\/\/play.google.com\/store\/apps\/details?id=cz.monitora.app\">Google Play<\/a>.<\/strong><\/p>\n","protected":false},"excerpt":{"rendered":"<p>Aj ke\u010f je na\u0161a webov\u00e1 aplik\u00e1cia Mediaboard \u00faplne responz\u00edvna, vieme, \u017ee mobilnej aplik\u00e1cii sa v jednoduchosti pr\u00edstupu ni\u010d nevyrovn\u00e1. Preto sme vynalo\u017eili v\u0161etky sily, aby&#8230;<\/p>\n","protected":false},"author":1,"featured_media":3784,"parent":1130,"menu_order":0,"comment_status":"closed","ping_status":"closed","template":"","meta":[],"_links":{"self":[{"href":"https:\/\/help.mediaboard.com\/sk\/wp-json\/wp\/v2\/pages\/1207\/"}],"collection":[{"href":"https:\/\/help.mediaboard.com\/sk\/wp-json\/wp\/v2\/pages\/"}],"about":[{"href":"https:\/\/help.mediaboard.com\/sk\/wp-json\/wp\/v2\/types\/page\/"}],"author":[{"embeddable":true,"href":"https:\/\/help.mediaboard.com\/sk\/wp-json\/wp\/v2\/users\/1\/"}],"replies":[{"embeddable":true,"href":"https:\/\/help.mediaboard.com\/sk\/wp-json\/wp\/v2\/comments\/?post=1207"}],"version-history":[{"count":5,"href":"https:\/\/help.mediaboard.com\/sk\/wp-json\/wp\/v2\/pages\/1207\/revisions\/"}],"predecessor-version":[{"id":2777,"href":"https:\/\/help.mediaboard.com\/sk\/wp-json\/wp\/v2\/pages\/1207\/revisions\/2777\/"}],"up":[{"embeddable":true,"href":"https:\/\/help.mediaboard.com\/sk\/wp-json\/wp\/v2\/pages\/1130\/"}],"wp:featuredmedia":[{"embeddable":true,"href":"https:\/\/help.mediaboard.com\/sk\/wp-json\/wp\/v2\/media\/3784\/"}],"wp:attachment":[{"href":"https:\/\/help.mediaboard.com\/sk\/wp-json\/wp\/v2\/media\/?parent=1207"}],"curies":[{"name":"wp","href":"https:\/\/api.w.org\/{rel}","templated":true}]}}