{"id":1209,"date":"2019-06-11T15:07:33","date_gmt":"2019-06-11T13:07:33","guid":{"rendered":"https:\/\/help.mediaboard.com\/monitoring-socialnich-siti-2\/"},"modified":"2024-03-11T13:43:56","modified_gmt":"2024-03-11T12:43:56","slug":"monitoring-socialnych-sieti","status":"publish","type":"page","link":"https:\/\/help.mediaboard.com\/sk\/monitoring-socialnych-sieti\/","title":{"rendered":"Monitoring soci\u00e1lnych siet\u00ed"},"content":{"rendered":"\n<p>Mediaboard pokryje v\u0161etky<strong> soci\u00e1lne siete, diskusie, koment\u00e1re, porovn\u00e1va\u010de, blogy, vlogy, online vide\u00e1 a mnoho <\/strong>\u010fal\u0161ieho. S pr\u00edspevkami m\u00f4\u017eete pracova\u0165 priamo v Mediaboardu rovnako ako s v\u00fdstupmi z tradi\u010dn\u00fdch m\u00e9di\u00ed. M\u00f4\u017eete ich filtrova\u0165 pod\u013ea d\u00e1tumu, zdroja, autora, jazyka, sentimentu, pozn\u00e1mky a typu \u010dl\u00e1nku. Do analytiky m\u00f4\u017eete prida\u0165 grafy zh\u0155\u0148aj\u00face v\u0161etko, \u010do sa deje na soci\u00e1lnych sie\u0165ach. <br><br><strong>Monitorujeme Facebook, Instagram, Twitter, Youtube a LinkedIn, a to tak v \u010ceskej republike, ako aj na Slovensku a v \u010fal\u0161\u00edch krajin\u00e1ch.<\/strong><\/p>\n\n\n\n<p><\/p>\n\n\n\n<p><\/p>\n\n\n\n<p><\/p>\n","protected":false},"excerpt":{"rendered":"<p>Mediaboard pokryje v\u0161etky soci\u00e1lne siete, diskusie, koment\u00e1re, porovn\u00e1va\u010de, blogy, vlogy, online vide\u00e1 a mnoho \u010fal\u0161ieho. S pr\u00edspevkami m\u00f4\u017eete pracova\u0165 priamo v Mediaboardu rovnako ako s&#8230;<\/p>\n","protected":false},"author":1,"featured_media":3729,"parent":0,"menu_order":0,"comment_status":"closed","ping_status":"closed","template":"","meta":[],"_links":{"self":[{"href":"https:\/\/help.mediaboard.com\/sk\/wp-json\/wp\/v2\/pages\/1209\/"}],"collection":[{"href":"https:\/\/help.mediaboard.com\/sk\/wp-json\/wp\/v2\/pages\/"}],"about":[{"href":"https:\/\/help.mediaboard.com\/sk\/wp-json\/wp\/v2\/types\/page\/"}],"author":[{"embeddable":true,"href":"https:\/\/help.mediaboard.com\/sk\/wp-json\/wp\/v2\/users\/1\/"}],"replies":[{"embeddable":true,"href":"https:\/\/help.mediaboard.com\/sk\/wp-json\/wp\/v2\/comments\/?post=1209"}],"version-history":[{"count":7,"href":"https:\/\/help.mediaboard.com\/sk\/wp-json\/wp\/v2\/pages\/1209\/revisions\/"}],"predecessor-version":[{"id":3769,"href":"https:\/\/help.mediaboard.com\/sk\/wp-json\/wp\/v2\/pages\/1209\/revisions\/3769\/"}],"wp:featuredmedia":[{"embeddable":true,"href":"https:\/\/help.mediaboard.com\/sk\/wp-json\/wp\/v2\/media\/3729\/"}],"wp:attachment":[{"href":"https:\/\/help.mediaboard.com\/sk\/wp-json\/wp\/v2\/media\/?parent=1209"}],"curies":[{"name":"wp","href":"https:\/\/api.w.org\/{rel}","templated":true}]}}