{"id":1211,"date":"2019-06-11T15:05:15","date_gmt":"2019-06-11T13:05:15","guid":{"rendered":"https:\/\/help.mediaboard.com\/monitoring-socialnich-siti-2\/jak-to-funguje\/"},"modified":"2023-10-18T17:10:50","modified_gmt":"2023-10-18T15:10:50","slug":"ako-to-funguje","status":"publish","type":"page","link":"https:\/\/help.mediaboard.com\/sk\/monitoring-socialnych-sieti\/ako-to-funguje\/","title":{"rendered":"Ako to funguje?"},"content":{"rendered":"\n<p class=\"has-large-font-size\"><strong>Obsah v kontexte<\/strong><\/p>\n\n\n\n<p>Anal\u00fdzu a meranie spr\u00e1vania z\u00e1kazn\u00edkov na soci\u00e1lnych sie\u0165ach umo\u017e\u0148ujeme v re\u00e1lnom \u010dase. Je mo\u017en\u00e9 sledova\u0165 nieko\u013eko t\u00e9m a porovn\u00e1va\u0165 v\u00fdsledky na dennej b\u00e1ze.<\/p>\n\n\n\n<figure class=\"wp-block-image size-large\"><img loading=\"lazy\" width=\"1233\" height=\"998\" src=\"https:\/\/help.mediaboard.com\/wp-content\/uploads\/\/2023\/10\/Untitled-design-19.svg\" alt=\"\" class=\"wp-image-3403\"\/><\/figure>\n\n\n\n<p class=\"has-large-font-size\"><strong>R\u00fdchly preh\u013ead situ\u00e1cie<\/strong><\/p>\n\n\n\n<p> Mediaboard Social sleduje a preh\u013eadne vizualizuje jednotliv\u00e9 zmienky va\u0161ich existuj\u00facich \u010di potencion\u00e1lnych z\u00e1kazn\u00edkov. Zist\u00edte okam\u017eite sp\u00e4tn\u00fa v\u00e4zbu a m\u00f4\u017eete na \u0148u r\u00fdchlo reagova\u0165.<\/p>\n\n\n\n<p class=\"has-large-font-size\"><strong>Anal\u00fdza soci\u00e1lnych siet\u00ed<\/strong><\/p>\n\n\n\n<p>Pon\u00fakame pravideln\u00e9 anal\u00fdzy soci\u00e1lnych siet\u00ed, ktor\u00e9 v\u00e1m daj\u00fa obr\u00e1zok o aktu\u00e1lnom dian\u00ed na blogoch, v diskusi\u00e1ch, Facebooku, Twitteri, Google+, internetov\u00fdch vide\u00e1ch, koment\u00e1roch, cenov\u00fdch porovn\u00e1va\u010doch a \u010fal\u0161\u00edch zdrojoch.<\/p>\n\n\n\n<div class=\"wp-block-image\"><figure class=\"aligncenter size-full is-resized\"><img loading=\"lazy\" src=\"https:\/\/help.mediaboard.com\/wp-content\/uploads\/2023\/10\/Sni\u0301mek-obrazovky-2023-10-18-v-17.07.18.png\" alt=\"\" class=\"wp-image-3407\" width=\"359\" height=\"342\" srcset=\"https:\/\/help.mediaboard.com\/wp-content\/uploads\/2023\/10\/Sni\u0301mek-obrazovky-2023-10-18-v-17.07.18.png 718w, https:\/\/help.mediaboard.com\/wp-content\/uploads\/2023\/10\/Sni\u0301mek-obrazovky-2023-10-18-v-17.07.18-300x286.png 300w\" sizes=\"(max-width: 359px) 100vw, 359px\" \/><\/figure><\/div>\n\n\n\n<p class=\"has-large-font-size\"><strong>Reporting<\/strong><\/p>\n\n\n\n<p>Reporty, ktor\u00e9 v\u00e1s bude bavi\u0165 \u010d\u00edta\u0165. Reporty typicky b\u00fdvaj\u00fa nudn\u00e9 a pln\u00e9 neu\u017eito\u010dn\u00fdch inform\u00e1ci\u00ed. U n\u00e1s je to in\u00e9! Generujeme preh\u013eadn\u00e9 reporty, ktor\u00e9 v\u00e1m prines\u00fa u\u017eito\u010dn\u00e9 inform\u00e1cie, \u010dasto aj strategick\u00e9ho charakteru. Vieme posiela\u0165 reporty pravidelne na dennej \u010di t\u00fd\u017edennej b\u00e1ze. Report obsahuje detailn\u00e9 inform\u00e1cie, grafy a infografiky v preh\u013eadnej a jasnej forme.<\/p>\n\n\n\n<p class=\"has-large-font-size\"><strong>Unik\u00e1tne pokrytie s d\u00f4razom na lok\u00e1lne m\u00e9di\u00e1<\/strong><\/p>\n\n\n\n<p>Okam\u017eite vid\u00edte v\u00fdsledky z Facebooku, Instagramu, Twitteru, blogov, diskusn\u00fdch f\u00f3r, online port\u00e1lov alebo agreg\u00e1torov internetov\u00fdch recenzi\u00ed, video port\u00e1lov.<\/p>\n\n\n\n<div class=\"wp-block-image\"><figure class=\"aligncenter is-resized\"><img loading=\"lazy\" src=\"https:\/\/impr.cz\/cms\/media\/img\/social-media.jpg\" alt=\"\" width=\"619\" height=\"310\"\/><\/figure><\/div>\n","protected":false},"excerpt":{"rendered":"<p>Obsah v kontexte Anal\u00fdzu a meranie spr\u00e1vania z\u00e1kazn\u00edkov na soci\u00e1lnych sie\u0165ach umo\u017e\u0148ujeme v re\u00e1lnom \u010dase. Je mo\u017en\u00e9 sledova\u0165 nieko\u013eko t\u00e9m a porovn\u00e1va\u0165 v\u00fdsledky na dennej&#8230;<\/p>\n","protected":false},"author":1,"featured_media":0,"parent":1209,"menu_order":2,"comment_status":"closed","ping_status":"closed","template":"","meta":[],"_links":{"self":[{"href":"https:\/\/help.mediaboard.com\/sk\/wp-json\/wp\/v2\/pages\/1211\/"}],"collection":[{"href":"https:\/\/help.mediaboard.com\/sk\/wp-json\/wp\/v2\/pages\/"}],"about":[{"href":"https:\/\/help.mediaboard.com\/sk\/wp-json\/wp\/v2\/types\/page\/"}],"author":[{"embeddable":true,"href":"https:\/\/help.mediaboard.com\/sk\/wp-json\/wp\/v2\/users\/1\/"}],"replies":[{"embeddable":true,"href":"https:\/\/help.mediaboard.com\/sk\/wp-json\/wp\/v2\/comments\/?post=1211"}],"version-history":[{"count":11,"href":"https:\/\/help.mediaboard.com\/sk\/wp-json\/wp\/v2\/pages\/1211\/revisions\/"}],"predecessor-version":[{"id":3414,"href":"https:\/\/help.mediaboard.com\/sk\/wp-json\/wp\/v2\/pages\/1211\/revisions\/3414\/"}],"up":[{"embeddable":true,"href":"https:\/\/help.mediaboard.com\/sk\/wp-json\/wp\/v2\/pages\/1209\/"}],"wp:attachment":[{"href":"https:\/\/help.mediaboard.com\/sk\/wp-json\/wp\/v2\/media\/?parent=1211"}],"curies":[{"name":"wp","href":"https:\/\/api.w.org\/{rel}","templated":true}]}}