{"id":1213,"date":"2019-06-14T16:42:07","date_gmt":"2019-06-14T14:42:07","guid":{"rendered":"https:\/\/help.mediaboard.com\/monitoring-socialnich-siti-2\/jak-to-funguje\/jak-vytvorit-projekt\/"},"modified":"2023-10-30T12:18:19","modified_gmt":"2023-10-30T11:18:19","slug":"jak-vytvorit-projekt","status":"publish","type":"page","link":"https:\/\/help.mediaboard.com\/sk\/monitoring-socialnych-sieti\/ako-to-funguje\/jak-vytvorit-projekt\/","title":{"rendered":"Aktiv\u00e1cia soci\u00e1lnych m\u00e9di\u00ed"},"content":{"rendered":"\n<p>Pokia\u013e u\u017e u n\u00e1s m\u00e1te \u00fa\u010det, m\u00f4\u017eete po\u017eiada\u0165 svojho Key Account mana\u017e\u00e9ra o vysk\u00fa\u0161anie monitoringu soci\u00e1lnych m\u00e9di\u00ed. Mediatyp si m\u00f4\u017eete nastavi\u0165 bu\u010f dodato\u010dne pri u\u017e sledovan\u00fdch t\u00e9mach alebo vytvori\u0165 nov\u00e9 t\u00e9my na sledovanie iba soci\u00e1lnych siet\u00ed.<\/p>\n\n\n\n<div class=\"wp-block-image\"><figure class=\"aligncenter size-full is-resized\"><img loading=\"lazy\" src=\"https:\/\/help.mediaboard.com\/wp-content\/uploads\/2023\/10\/Sni\u0301mek-obrazovky-2023-10-30-v-12.17.30.png\" alt=\"\" class=\"wp-image-3432\" width=\"307\" height=\"354\" srcset=\"https:\/\/help.mediaboard.com\/wp-content\/uploads\/2023\/10\/Sni\u0301mek-obrazovky-2023-10-30-v-12.17.30.png 614w, https:\/\/help.mediaboard.com\/wp-content\/uploads\/2023\/10\/Sni\u0301mek-obrazovky-2023-10-30-v-12.17.30-260x300.png 260w\" sizes=\"(max-width: 307px) 100vw, 307px\" \/><\/figure><\/div>\n\n\n\n<p>Vyhled\u00e1v\u00e1n\u00ed pak funguje obdobn\u011b jako u tradi\u010dn\u00edch m\u00e9di\u00ed \u2013 pomoc\u00ed kl\u00ed\u010dov\u00fdch slov.&nbsp;U soci\u00e1ln\u00edch s\u00edt\u00ed je specifikem, \u017ee D\u00edky tomu m\u016f\u017eete sledovat konkr\u00e9tn\u00ed firemn\u00ed profily.jako kl\u00ed\u010dov\u00e9 slovo m\u016f\u017eete pou\u017e\u00edt u\u017eivatelsk\u00e9 jm\u00e9no ze soc\u00e1ln\u00edch s D\u00edky tomu m\u016f\u017eete sledovat konkr\u00e9tn\u00ed firemn\u00ed profily.\u00edt\u00ed ve form\u00e1tu se zavin\u00e1\u010dem, jakobyste cht\u011bli danou firmu ozna\u010dit v koment\u00e1\u0159i nebo u p\u0159\u00edsp\u011bvku.<\/p>\n\n\n\n<ul><li><\/li><\/ul>\n","protected":false},"excerpt":{"rendered":"<p>Pokia\u013e u\u017e u n\u00e1s m\u00e1te \u00fa\u010det, m\u00f4\u017eete po\u017eiada\u0165 svojho Key Account mana\u017e\u00e9ra o vysk\u00fa\u0161anie monitoringu soci\u00e1lnych m\u00e9di\u00ed. Mediatyp si m\u00f4\u017eete nastavi\u0165 bu\u010f dodato\u010dne pri u\u017e&#8230;<\/p>\n","protected":false},"author":1,"featured_media":0,"parent":1211,"menu_order":0,"comment_status":"closed","ping_status":"closed","template":"","meta":[],"_links":{"self":[{"href":"https:\/\/help.mediaboard.com\/sk\/wp-json\/wp\/v2\/pages\/1213\/"}],"collection":[{"href":"https:\/\/help.mediaboard.com\/sk\/wp-json\/wp\/v2\/pages\/"}],"about":[{"href":"https:\/\/help.mediaboard.com\/sk\/wp-json\/wp\/v2\/types\/page\/"}],"author":[{"embeddable":true,"href":"https:\/\/help.mediaboard.com\/sk\/wp-json\/wp\/v2\/users\/1\/"}],"replies":[{"embeddable":true,"href":"https:\/\/help.mediaboard.com\/sk\/wp-json\/wp\/v2\/comments\/?post=1213"}],"version-history":[{"count":16,"href":"https:\/\/help.mediaboard.com\/sk\/wp-json\/wp\/v2\/pages\/1213\/revisions\/"}],"predecessor-version":[{"id":3435,"href":"https:\/\/help.mediaboard.com\/sk\/wp-json\/wp\/v2\/pages\/1213\/revisions\/3435\/"}],"up":[{"embeddable":true,"href":"https:\/\/help.mediaboard.com\/sk\/wp-json\/wp\/v2\/pages\/1211\/"}],"wp:attachment":[{"href":"https:\/\/help.mediaboard.com\/sk\/wp-json\/wp\/v2\/media\/?parent=1213"}],"curies":[{"name":"wp","href":"https:\/\/api.w.org\/{rel}","templated":true}]}}