{"id":1215,"date":"2019-06-14T16:19:53","date_gmt":"2019-06-14T14:19:53","guid":{"rendered":"https:\/\/help.mediaboard.com\/monitoring-socialnich-siti-2\/jak-to-funguje\/moduly-casti-aplikace\/"},"modified":"2023-10-31T16:03:52","modified_gmt":"2023-10-31T15:03:52","slug":"moduly-casti-aplikace","status":"publish","type":"page","link":"https:\/\/help.mediaboard.com\/sk\/monitoring-socialnych-sieti\/ako-to-funguje\/moduly-casti-aplikace\/","title":{"rendered":"Dashboardy"},"content":{"rendered":"\n<p><strong>V tejto \u010dasti aplik\u00e1cie m\u00f4\u017eete jednoducho vytvori\u0165 vlastn\u00e9 analytick\u00e9 dashboardy pod\u013ea parametrov, ktor\u00e9 potrebujete. <\/strong>Zostavte si preh\u013eadn\u00e9 a vizu\u00e1lne zauj\u00edmav\u00e9 prezent\u00e1cie, ktor\u00e9 potom jednoducho nazdie\u013eate kolegom alebo odprezentujete na porade. Mediaboard sa V\u00e1m prisp\u00f4sob\u00ed a Vy m\u00f4\u017eete okrem grafov, ktor\u00e9 pozn\u00e1te z Analytiky, do dashboardov prid\u00e1va\u0165 aj <strong>vlastn\u00e9 pozn\u00e1mky, obr\u00e1zky alebo konkr\u00e9tne \u010dl\u00e1nky z monitoringu.<\/strong><\/p>\n\n\n\n<p>Ka\u017ed\u00fa \u010das\u0165 dashboardu je mo\u017en\u00e9 upravi\u0165 tak, aby zodpovedala Va\u0161im potreb\u00e1m. Jednotliv\u00e9 \u010dasti, \u010di\u017ee widgety, je mo\u017en\u00e9 medzi sebou pres\u00fava\u0165, zv\u00e4\u010d\u0161ova\u0165 alebo zmen\u0161ova\u0165 tak, aby sedeli presne do V\u00e1\u0161ho dashboardu.<\/p>\n\n\n\n<p><strong>V module \u201edashboardy\u201c prid\u00e1te widgety z r\u00f4znych kateg\u00f3ri\u00ed \u2013 z analytikov, \u0161tatist\u00edk, pr\u00edspevkov, TVR alertov alebo z medialistu.<\/strong><\/p>\n\n\n\n<p>Pre pridanie prv\u00e9ho widgetu kliknite na jednu z kateg\u00f3ri\u00ed, vyberte t\u00e9my a n\u00e1sledne typ grafu. Nakoniec kliknite na \u201eprida\u0165\u201c.<\/p>\n\n\n\n<figure class=\"wp-block-image size-large\"><img loading=\"lazy\" width=\"2163\" height=\"1055\" src=\"https:\/\/help.mediaboard.com\/wp-content\/uploads\/\/2023\/10\/Screeny-podpora-MB.svg\" alt=\"\" class=\"wp-image-3436\"\/><\/figure>\n\n\n\n<p>Dal\u0161\u00ed widgety pak m\u016f\u017eete p\u0159id\u00e1vat kliknut\u00edm na tla\u010d\u00edtko \u201ep\u0159idat widget\u201c. V dashboardu m\u016f\u017eete d\u00e1le nastavit datum, kter\u00e9mu se n\u00e1sledn\u011b p\u0159izp\u016fsob\u00ed v\u0161echny grafy.&nbsp;<\/p>\n\n\n\n<div class=\"wp-block-image\"><figure class=\"aligncenter size-large\"><img loading=\"lazy\" width=\"1024\" height=\"504\" src=\"https:\/\/help.mediaboard.com\/wp-content\/uploads\/2023\/10\/Untitled-design-1024x504.png\" alt=\"\" class=\"wp-image-3454\" srcset=\"https:\/\/help.mediaboard.com\/wp-content\/uploads\/2023\/10\/Untitled-design-1024x504.png 1024w, https:\/\/help.mediaboard.com\/wp-content\/uploads\/2023\/10\/Untitled-design-300x148.png 300w, https:\/\/help.mediaboard.com\/wp-content\/uploads\/2023\/10\/Untitled-design-768x378.png 768w, https:\/\/help.mediaboard.com\/wp-content\/uploads\/2023\/10\/Untitled-design-1536x756.png 1536w, https:\/\/help.mediaboard.com\/wp-content\/uploads\/2023\/10\/Untitled-design-2048x1008.png 2048w\" sizes=\"(max-width: 1024px) 100vw, 1024px\" \/><\/figure><\/div>\n","protected":false},"excerpt":{"rendered":"<p>V tejto \u010dasti aplik\u00e1cie m\u00f4\u017eete jednoducho vytvori\u0165 vlastn\u00e9 analytick\u00e9 dashboardy pod\u013ea parametrov, ktor\u00e9 potrebujete. Zostavte si preh\u013eadn\u00e9 a vizu\u00e1lne zauj\u00edmav\u00e9 prezent\u00e1cie, ktor\u00e9 potom jednoducho nazdie\u013eate&#8230;<\/p>\n","protected":false},"author":1,"featured_media":0,"parent":1211,"menu_order":0,"comment_status":"closed","ping_status":"closed","template":"","meta":[],"_links":{"self":[{"href":"https:\/\/help.mediaboard.com\/sk\/wp-json\/wp\/v2\/pages\/1215\/"}],"collection":[{"href":"https:\/\/help.mediaboard.com\/sk\/wp-json\/wp\/v2\/pages\/"}],"about":[{"href":"https:\/\/help.mediaboard.com\/sk\/wp-json\/wp\/v2\/types\/page\/"}],"author":[{"embeddable":true,"href":"https:\/\/help.mediaboard.com\/sk\/wp-json\/wp\/v2\/users\/1\/"}],"replies":[{"embeddable":true,"href":"https:\/\/help.mediaboard.com\/sk\/wp-json\/wp\/v2\/comments\/?post=1215"}],"version-history":[{"count":6,"href":"https:\/\/help.mediaboard.com\/sk\/wp-json\/wp\/v2\/pages\/1215\/revisions\/"}],"predecessor-version":[{"id":3457,"href":"https:\/\/help.mediaboard.com\/sk\/wp-json\/wp\/v2\/pages\/1215\/revisions\/3457\/"}],"up":[{"embeddable":true,"href":"https:\/\/help.mediaboard.com\/sk\/wp-json\/wp\/v2\/pages\/1211\/"}],"wp:attachment":[{"href":"https:\/\/help.mediaboard.com\/sk\/wp-json\/wp\/v2\/media\/?parent=1215"}],"curies":[{"name":"wp","href":"https:\/\/api.w.org\/{rel}","templated":true}]}}