{"id":1231,"date":"2019-06-14T16:32:44","date_gmt":"2019-06-14T14:32:44","guid":{"rendered":"https:\/\/help.mediaboard.com\/monitoring-socialnich-siti-2\/jak-to-funguje\/rozhrani\/"},"modified":"2023-10-18T17:32:20","modified_gmt":"2023-10-18T15:32:20","slug":"ako-vytvorit-temu","status":"publish","type":"page","link":"https:\/\/help.mediaboard.com\/sk\/monitoring-socialnych-sieti\/ako-to-funguje\/ako-vytvorit-temu\/","title":{"rendered":"Ako vytvori\u0165 t\u00e9mu"},"content":{"rendered":"\n<p class=\"has-medium-font-size\"><strong>T\u00e9my a k\u013e\u00fa\u010dov\u00e9 slov\u00e1<\/strong><\/p>\n\n\n\n<p><strong>Najprv si nastavte t\u00e9my<\/strong>, ktor\u00e9 chcete sledova\u0165. To urob\u00edte v sekcii \u201eT\u00e9my\u201c v \u013eavom menu. Zamyslite sa, ak\u00e9 v\u00e4\u010d\u0161ie tematick\u00e9 celky by ste radi sledovali. M\u00f4\u017ee to by\u0165 napr\u00edklad Va\u0161a firma a konkuren\u010dn\u00e9 firmy, ale fant\u00e1zii sa medze neklad\u00fa.<\/p>\n\n\n\n<p>Akon\u00e1hle m\u00e1te t\u00e9my, nastavte si <strong>k\u013e\u00fa\u010dov\u00e9 slov\u00e1<\/strong>. U nich platia ur\u010dit\u00e9 pravidl\u00e1 bez oh\u013eadu na to, \u010di sledujete tradi\u010dn\u00e9 alebo soci\u00e1lne m\u00e9di\u00e1. <strong>K\u013e\u00fa\u010dov\u00e9 slov\u00e1 a t\u00e9my m\u00f4\u017eete \u013eubovo\u013ene upravova\u0165, prid\u00e1va\u0165 alebo odobera\u0165.<\/strong><\/p>\n\n\n\n<figure class=\"wp-block-image size-large\"><img loading=\"lazy\" width=\"2158\" height=\"1010\" src=\"https:\/\/help.mediaboard.com\/wp-content\/uploads\/\/2023\/10\/Untitled-design-1-7.svg\" alt=\"\" class=\"wp-image-3415\"\/><\/figure>\n\n\n\n<p class=\"has-medium-font-size\"><strong>Zdroje<\/strong><\/p>\n\n\n\n<p>Cel\u00fa t\u00e9mu m\u00f4\u017eete \u010falej nastavi\u0165 pod\u013ea svojich preferenci\u00ed. Pod \u010das\u0165ou s k\u013e\u00fa\u010dov\u00fdmi slovami vid\u00edte monitorovan\u00e9 mediatypy. V tomto pr\u00edpade iba soci\u00e1lne m\u00e9di\u00e1. Po rozkliknut\u00ed ikony m\u00f4\u017eete <strong>upravova\u0165 jednotliv\u00e9 zdroje a v\u010faka tomu<\/strong> <strong>sledova\u0165 len t\u00fa \u010das\u0165 soci\u00e1lnych siet\u00ed, ktor\u00e1 V\u00e1s najviac zauj\u00edma<\/strong> \u2013 napr\u00edklad iba Facebook a Instagram alebo iba recenzie na diskusn\u00fdch f\u00f3rach.<\/p>\n\n\n\n<figure class=\"wp-block-image size-large\"><img loading=\"lazy\" width=\"1807\" height=\"591\" src=\"https:\/\/help.mediaboard.com\/wp-content\/uploads\/\/2023\/10\/Untitled-design-2-5.svg\" alt=\"\" class=\"wp-image-3419\"\/><\/figure>\n\n\n\n<p><strong>Aby ste nemuseli nastavova\u0165 zdroje pri ka\u017edej t\u00e9me samostatne, m\u00f4\u017eete ich na\u010d\u00edta\u0165 z inej t\u00e9my<\/strong>. Rozkliknite soci\u00e1lne m\u00e9di\u00e1, kliknite na \u201ena\u010d\u00edta\u0165 nastavenia\u201c a vyberte t\u00e9mu, z ktorej chcete zdroje skop\u00edrova\u0165. V tomto pr\u00edpade upravujeme t\u00e9mu Kaufland, a preto vyberieme napr\u00edklad Albert, kde sme si zdroje predt\u00fdm nastavili.<\/p>\n\n\n\n<figure class=\"wp-block-image size-full\"><img loading=\"lazy\" width=\"883\" height=\"649\" src=\"https:\/\/help.mediaboard.com\/wp-content\/uploads\/2021\/11\/Snimek-obrazovky-2021-11-22-v-10.53.06.png\" alt=\"\" class=\"wp-image-2215\" srcset=\"https:\/\/help.mediaboard.com\/wp-content\/uploads\/2021\/11\/Snimek-obrazovky-2021-11-22-v-10.53.06.png 883w, https:\/\/help.mediaboard.com\/wp-content\/uploads\/2021\/11\/Snimek-obrazovky-2021-11-22-v-10.53.06-300x220.png 300w, https:\/\/help.mediaboard.com\/wp-content\/uploads\/2021\/11\/Snimek-obrazovky-2021-11-22-v-10.53.06-768x564.png 768w\" sizes=\"(max-width: 883px) 100vw, 883px\" \/><\/figure>\n\n\n\n<p class=\"has-medium-font-size\"><strong>Pokro\u010dil\u00e9 nastavenie<\/strong><\/p>\n\n\n\n<p>Rozkliknite tri bodky v pravom hornom rohu pri t\u00e9me a vyberte <strong>\u201epokro\u010dil\u00e9 nastavenie\u201c<\/strong>. Zobrazia sa \u010fal\u0161ie mo\u017enosti nastavovania t\u00e9my. <strong>U\u017eito\u010dnou funkciou je \u201evyh\u013ead\u00e1vanie v spojen\u00ed s v\u00fdrazom\u201c<\/strong> \u2013 zadajte do vysko\u010den\u00e9ho riadku k\u013e\u00fa\u010dov\u00e9 slov\u00e1, ktor\u00e9 sa maj\u00fa objavova\u0165 z\u00e1rove\u0148 so v\u0161etk\u00fdmi slovami nastaven\u00fdmi vy\u0161\u0161ie. <strong>Tieto v\u00fdrazy bud\u00fa teda plati\u0165 glob\u00e1lne pre cel\u00fa t\u00e9mu.<\/strong> M\u00f4\u017ee v\u00e1m to pom\u00f4c\u0165 odfiltrova\u0165 v\u00fdstupy, ktor\u00e9 pre v\u00e1s nie s\u00fa relevantn\u00e9.<\/p>\n\n\n\n<p><strong>M\u00f4\u017eete tu tie\u017e \u010falej upravova\u0165 krajinu zdrojov a jazyk \u010dl\u00e1nkov alebo typ \u010dl\u00e1nkov.<\/strong> V\u010faka v\u00fdberu ur\u010dit\u00fdch typov \u010dl\u00e1nkov je mo\u017en\u00e9 eliminova\u0165 netypick\u00e9 v\u00fdstupy ako s\u00fa tituln\u00e9 strany, inzercia at\u010f., pr\u00edpadne m\u00f4\u017eete cel\u00fa t\u00e9mu zamera\u0165 napr\u00edklad len na koment\u00e1re. <strong>Nezabudnite nakoniec nastavenia ulo\u017ei\u0165.<\/strong><\/p>\n\n\n\n<figure class=\"wp-block-image size-large\"><img loading=\"lazy\" width=\"1501\" height=\"1066\" src=\"https:\/\/help.mediaboard.com\/wp-content\/uploads\/\/2023\/10\/Untitled-design-3-4.svg\" alt=\"\" class=\"wp-image-3422\"\/><\/figure>\n","protected":false},"excerpt":{"rendered":"<p>T\u00e9my a k\u013e\u00fa\u010dov\u00e9 slov\u00e1 Najprv si nastavte t\u00e9my, ktor\u00e9 chcete sledova\u0165. To urob\u00edte v sekcii \u201eT\u00e9my\u201c v \u013eavom menu. Zamyslite sa, ak\u00e9 v\u00e4\u010d\u0161ie tematick\u00e9 celky&#8230;<\/p>\n","protected":false},"author":1,"featured_media":0,"parent":1211,"menu_order":0,"comment_status":"closed","ping_status":"closed","template":"","meta":[],"_links":{"self":[{"href":"https:\/\/help.mediaboard.com\/sk\/wp-json\/wp\/v2\/pages\/1231\/"}],"collection":[{"href":"https:\/\/help.mediaboard.com\/sk\/wp-json\/wp\/v2\/pages\/"}],"about":[{"href":"https:\/\/help.mediaboard.com\/sk\/wp-json\/wp\/v2\/types\/page\/"}],"author":[{"embeddable":true,"href":"https:\/\/help.mediaboard.com\/sk\/wp-json\/wp\/v2\/users\/1\/"}],"replies":[{"embeddable":true,"href":"https:\/\/help.mediaboard.com\/sk\/wp-json\/wp\/v2\/comments\/?post=1231"}],"version-history":[{"count":8,"href":"https:\/\/help.mediaboard.com\/sk\/wp-json\/wp\/v2\/pages\/1231\/revisions\/"}],"predecessor-version":[{"id":3428,"href":"https:\/\/help.mediaboard.com\/sk\/wp-json\/wp\/v2\/pages\/1231\/revisions\/3428\/"}],"up":[{"embeddable":true,"href":"https:\/\/help.mediaboard.com\/sk\/wp-json\/wp\/v2\/pages\/1211\/"}],"wp:attachment":[{"href":"https:\/\/help.mediaboard.com\/sk\/wp-json\/wp\/v2\/media\/?parent=1231"}],"curies":[{"name":"wp","href":"https:\/\/api.w.org\/{rel}","templated":true}]}}