{"id":1233,"date":"2019-05-30T15:56:30","date_gmt":"2019-05-30T13:56:30","guid":{"rendered":"https:\/\/help.mediaboard.com\/monitoring-socialnich-siti-2\/monitoring-socialnich-siti\/"},"modified":"2024-03-18T11:33:05","modified_gmt":"2024-03-18T10:33:05","slug":"zaciname","status":"publish","type":"page","link":"https:\/\/help.mediaboard.com\/sk\/monitoring-socialnych-sieti\/zaciname\/","title":{"rendered":"Za\u010d\u00edname"},"content":{"rendered":"\n<p>Aplik\u00e1cia zbiera a analyzuje v\u0161etky zmienky, indexuje \u010dl\u00e1nky, pr\u00edspevky, koment\u00e1re, tweety, posty, statusy, blogy, video blogy, diskusn\u00e9 f\u00f3ra i diskusie pod \u010dl\u00e1nkami na spravodajsk\u00fdch port\u00e1loch. Zameriavame sa na dod\u00e1van\u00ed kvalitn\u00e9ho a komplexn\u00e9ho monitoringu soci\u00e1lnych siet\u00ed a s\u00fa\u010dasne poskytujeme na\u0161im klientom mo\u017enos\u0165 pokro\u010dil\u00fdch anal\u00fdz a filtrov nad monitorovan\u00fdmi v\u00fdstupmi.<br><\/p>\n\n\n\n<p class=\"has-text-align-center\"><strong>Mediaboard m\u00f4\u017eete vysk\u00fa\u0161a\u0165 na t\u00fd\u017ede\u0148 zadarmo a nez\u00e1vazne. <\/strong><br><strong>Sta\u010d\u00ed n\u00e1m da\u0165 vedie\u0165!<\/strong><\/p>\n\n\n\n<div class=\"wp-block-buttons is-content-justification-center\">\n<div class=\"wp-block-button\"><a class=\"wp-block-button__link has-white-color has-vivid-green-cyan-background-color has-text-color has-background\" href=\"https:\/\/app.mediaboard.com\/sign-up\"><strong>VYSK\u00da\u0160A\u0164 ZADARMO<\/strong><\/a><\/div>\n<\/div>\n","protected":false},"excerpt":{"rendered":"<p>Aplik\u00e1cia zbiera a analyzuje v\u0161etky zmienky, indexuje \u010dl\u00e1nky, pr\u00edspevky, koment\u00e1re, tweety, posty, statusy, blogy, video blogy, diskusn\u00e9 f\u00f3ra i diskusie pod \u010dl\u00e1nkami na spravodajsk\u00fdch port\u00e1loch&#8230;.<\/p>\n","protected":false},"author":1,"featured_media":3775,"parent":1209,"menu_order":1,"comment_status":"closed","ping_status":"closed","template":"","meta":[],"_links":{"self":[{"href":"https:\/\/help.mediaboard.com\/sk\/wp-json\/wp\/v2\/pages\/1233\/"}],"collection":[{"href":"https:\/\/help.mediaboard.com\/sk\/wp-json\/wp\/v2\/pages\/"}],"about":[{"href":"https:\/\/help.mediaboard.com\/sk\/wp-json\/wp\/v2\/types\/page\/"}],"author":[{"embeddable":true,"href":"https:\/\/help.mediaboard.com\/sk\/wp-json\/wp\/v2\/users\/1\/"}],"replies":[{"embeddable":true,"href":"https:\/\/help.mediaboard.com\/sk\/wp-json\/wp\/v2\/comments\/?post=1233"}],"version-history":[{"count":6,"href":"https:\/\/help.mediaboard.com\/sk\/wp-json\/wp\/v2\/pages\/1233\/revisions\/"}],"predecessor-version":[{"id":3770,"href":"https:\/\/help.mediaboard.com\/sk\/wp-json\/wp\/v2\/pages\/1233\/revisions\/3770\/"}],"up":[{"embeddable":true,"href":"https:\/\/help.mediaboard.com\/sk\/wp-json\/wp\/v2\/pages\/1209\/"}],"wp:featuredmedia":[{"embeddable":true,"href":"https:\/\/help.mediaboard.com\/sk\/wp-json\/wp\/v2\/media\/3775\/"}],"wp:attachment":[{"href":"https:\/\/help.mediaboard.com\/sk\/wp-json\/wp\/v2\/media\/?parent=1233"}],"curies":[{"name":"wp","href":"https:\/\/api.w.org\/{rel}","templated":true}]}}