{"id":2247,"date":"2021-11-22T11:32:56","date_gmt":"2021-11-22T10:32:56","guid":{"rendered":"https:\/\/help.mediaboard.com\/?page_id=2247"},"modified":"2023-11-01T10:03:02","modified_gmt":"2023-11-01T09:03:02","slug":"rozhranie","status":"publish","type":"page","link":"https:\/\/help.mediaboard.com\/sk\/monitoring-socialnych-sieti\/ako-to-funguje\/rozhranie\/","title":{"rendered":"Rozhranie"},"content":{"rendered":"\n<p>Aplik\u00e1cia m\u00e1 3 \u010dasti:<\/p>\n\n\n\n<p>Horn\u00e9 menu<br>\u013dav\u00e9 menu<br>Hlavn\u00e1 str\u00e1nka<br><\/p>\n\n\n\n<p class=\"has-medium-font-size\"><strong>Horn\u00e9 menu<\/strong><\/p>\n\n\n\n<p>V hornom menu m\u00f4\u017eete nastavova\u0165 filtre, pod\u013ea ktor\u00fdch pr\u00edspevky chcete zobrazi\u0165 alebo analyzova\u0165.<\/p>\n\n\n\n<div class=\"wp-block-image\"><figure class=\"aligncenter size-large\"><img loading=\"lazy\" width=\"1024\" height=\"58\" src=\"https:\/\/help.mediaboard.com\/wp-content\/uploads\/2023\/11\/Sni\u0301mek-obrazovky-2023-11-01-v-10.00.57-1024x58.png\" alt=\"\" class=\"wp-image-3483\" srcset=\"https:\/\/help.mediaboard.com\/wp-content\/uploads\/2023\/11\/Sni\u0301mek-obrazovky-2023-11-01-v-10.00.57-1024x58.png 1024w, https:\/\/help.mediaboard.com\/wp-content\/uploads\/2023\/11\/Sni\u0301mek-obrazovky-2023-11-01-v-10.00.57-300x17.png 300w, https:\/\/help.mediaboard.com\/wp-content\/uploads\/2023\/11\/Sni\u0301mek-obrazovky-2023-11-01-v-10.00.57-768x44.png 768w, https:\/\/help.mediaboard.com\/wp-content\/uploads\/2023\/11\/Sni\u0301mek-obrazovky-2023-11-01-v-10.00.57.png 1444w\" sizes=\"(max-width: 1024px) 100vw, 1024px\" \/><\/figure><\/div>\n\n\n\n<p class=\"has-medium-font-size\"><strong>\u013dav\u00e9 menu<\/strong><\/p>\n\n\n\n<p>Tu vid\u00edte funkcie Mediaboardu, preh\u013ead t\u00e9m a preh\u013ead \u0161t\u00edtkov.<\/p>\n\n\n\n<div class=\"wp-block-image\"><figure class=\"aligncenter size-large is-resized\"><img loading=\"lazy\" src=\"https:\/\/help.mediaboard.com\/wp-content\/uploads\/2023\/11\/Sni\u0301mek-obrazovky-2023-11-01-v-10.01.45-285x1024.png\" alt=\"\" class=\"wp-image-3486\" width=\"214\" height=\"768\" srcset=\"https:\/\/help.mediaboard.com\/wp-content\/uploads\/2023\/11\/Sni\u0301mek-obrazovky-2023-11-01-v-10.01.45-285x1024.png 285w, https:\/\/help.mediaboard.com\/wp-content\/uploads\/2023\/11\/Sni\u0301mek-obrazovky-2023-11-01-v-10.01.45-84x300.png 84w, https:\/\/help.mediaboard.com\/wp-content\/uploads\/2023\/11\/Sni\u0301mek-obrazovky-2023-11-01-v-10.01.45.png 392w\" sizes=\"(max-width: 214px) 100vw, 214px\" \/><\/figure><\/div>\n\n\n\n<p><strong>Pr\u00edspevky<\/strong> \u2013 na hlavnej str\u00e1nke sa zobrazia pr\u00edspevky vo feede zoraden\u00e9 od najnov\u0161\u00edch<\/p>\n\n\n\n<p><strong>Analytika<\/strong> \u2013 zobrazuje grafy a vizualiz\u00e1cie pre r\u00fdchly preh\u013ead<\/p>\n\n\n\n<p><strong>Medialist<\/strong> \u2013 preh\u013ead hlavn\u00fdch autorov vo vybran\u00fdch t\u00e9mach<\/p>\n\n\n\n<p><strong>Export<\/strong> \u2013 umo\u017e\u0148uje vytv\u00e1ra\u0165 reporty a s\u0165ahova\u0165 \u010dl\u00e1nky v r\u00f4znych form\u00e1toch<\/p>\n\n\n\n<p><strong>T\u00e9my<\/strong> \u2013 nastavenie t\u00e9m a k\u013e\u00fa\u010dov\u00fdch slov<\/p>\n\n\n\n<p><strong>Reporty<\/strong> \u2013 nastavenie zasielania automatick\u00fdch reportov<\/p>\n\n\n\n<p><strong>K\u00f4\u0161<\/strong> \u2013 zobrazuje v\u0161etky odstr\u00e1nen\u00e9 \u010dl\u00e1nky, umo\u017e\u0148uje ich v\u0155ta\u0165<\/p>\n\n\n\n<p class=\"has-medium-font-size\"><strong>Hlavn\u00e1 str\u00e1nka<\/strong><\/p>\n\n\n\n<p>Na hlavnej str\u00e1nke sa zobrazuje v\u0161etok obsah pod\u013ea zvolen\u00e9ho modulu a funkcie. V \u013eavom tmavom menu m\u00f4\u017eete zvoli\u0165 moduly monitoring, dashboardy, portf\u00f3lio, TVR alerty a Google Analytics.<\/p>\n\n\n\n<div class=\"wp-block-group\"><div class=\"wp-block-group__inner-container\">\n<div class=\"wp-block-image\"><figure class=\"aligncenter size-full\"><img loading=\"lazy\" width=\"66\" height=\"288\" src=\"https:\/\/help.mediaboard.com\/wp-content\/uploads\/2023\/11\/Sni\u0301mek-obrazovky-2023-11-01-v-10.01.04.png\" alt=\"\" class=\"wp-image-3490\"\/><\/figure><\/div>\n<\/div><\/div>\n","protected":false},"excerpt":{"rendered":"<p>Aplik\u00e1cia m\u00e1 3 \u010dasti: Horn\u00e9 menu\u013dav\u00e9 menuHlavn\u00e1 str\u00e1nka Horn\u00e9 menu V hornom menu m\u00f4\u017eete nastavova\u0165 filtre, pod\u013ea ktor\u00fdch pr\u00edspevky chcete zobrazi\u0165 alebo analyzova\u0165. \u013dav\u00e9 menu&#8230;<\/p>\n","protected":false},"author":1,"featured_media":0,"parent":1211,"menu_order":0,"comment_status":"closed","ping_status":"closed","template":"","meta":[],"_links":{"self":[{"href":"https:\/\/help.mediaboard.com\/sk\/wp-json\/wp\/v2\/pages\/2247\/"}],"collection":[{"href":"https:\/\/help.mediaboard.com\/sk\/wp-json\/wp\/v2\/pages\/"}],"about":[{"href":"https:\/\/help.mediaboard.com\/sk\/wp-json\/wp\/v2\/types\/page\/"}],"author":[{"embeddable":true,"href":"https:\/\/help.mediaboard.com\/sk\/wp-json\/wp\/v2\/users\/1\/"}],"replies":[{"embeddable":true,"href":"https:\/\/help.mediaboard.com\/sk\/wp-json\/wp\/v2\/comments\/?post=2247"}],"version-history":[{"count":3,"href":"https:\/\/help.mediaboard.com\/sk\/wp-json\/wp\/v2\/pages\/2247\/revisions\/"}],"predecessor-version":[{"id":3493,"href":"https:\/\/help.mediaboard.com\/sk\/wp-json\/wp\/v2\/pages\/2247\/revisions\/3493\/"}],"up":[{"embeddable":true,"href":"https:\/\/help.mediaboard.com\/sk\/wp-json\/wp\/v2\/pages\/1211\/"}],"wp:attachment":[{"href":"https:\/\/help.mediaboard.com\/sk\/wp-json\/wp\/v2\/media\/?parent=2247"}],"curies":[{"name":"wp","href":"https:\/\/api.w.org\/{rel}","templated":true}]}}