{"id":2322,"date":"2022-01-07T08:27:29","date_gmt":"2022-01-07T07:27:29","guid":{"rendered":"https:\/\/help.mediaboard.com\/?page_id=2322"},"modified":"2023-06-23T14:08:13","modified_gmt":"2023-06-23T12:08:13","slug":"vytvaranie-vlastnych-clankov","status":"publish","type":"page","link":"https:\/\/help.mediaboard.com\/sk\/mediaboard\/ako-mediaboard-pouzivat\/vytvaranie-vlastnych-clankov\/","title":{"rendered":"Vytv\u00e1ranie vlastn\u00fdch \u010dl\u00e1nkov"},"content":{"rendered":"\n<p>Pou\u017e\u00edvate\u013e m\u00f4\u017ee v aplik\u00e1cii Mediaboard vytvori\u0165 vlastn\u00fd \u010dl\u00e1nok. Tento \u010dl\u00e1nok bude dostupn\u00fd iba pou\u017e\u00edvate\u013eom veden\u00fdm pod rovnak\u00fdm \u00fa\u010dtom.<\/p>\n\n\n\n<h2>Tvorba \u010dl\u00e1nku<\/h2>\n\n\n\n<p><br>\u010cl\u00e1nok mo\u017eno vytvori\u0165 pomocou tla\u010didla umiestnen\u00e9ho nad \u010dl\u00e1nkami v sekcii Pr\u00edspevky, alebo pomocou tla\u010didla v sekcii Moje \u010dl\u00e1nky, v&nbsp;ktorej s\u00fa zobrazen\u00e9 v\u0161etky pou\u017e\u00edvate\u013eom vytvoren\u00e9 \u010dl\u00e1nky.<\/p>\n\n\n\n<p>Pri tvorbe obsahu m\u00f4\u017ee u\u017e\u00edvate\u013e nastavi\u0165 nieko\u013eko parametrov, z ktor\u00fdch niektor\u00e9 s\u00fa povinn\u00e9:<\/p>\n\n\n\n<p><strong>\u2013 nadpis,<\/strong><br><strong>\u2013 mediatyp,<br>\u2013 d\u00e1tum publik\u00e1cie,<br>\u2013 jazyk,<br>\u2013 \u010das (nepovinn\u00fd),<br>\u2013 text \u010dl\u00e1nku (nepovinn\u00fd).<\/strong><\/p>\n\n\n\n<p>K \u010dl\u00e1nku je mo\u017en\u00e9 pripoji\u0165 aj zdrojov\u00fd s\u00fabor (napr. obr\u00e1zok, video, zvuk, at\u010f.). Podporovan\u00e9 form\u00e1ty sa l\u00ed\u0161ia pod\u013ea zvolen\u00e9ho mediatypu. Maxim\u00e1lna ve\u013ekos\u0165 zdrojov\u00e9ho s\u00faboru je 500 MB. U zdrojov\u00e9ho s\u00faboru je mo\u017en\u00e9 n\u00e1sledne pou\u017ei\u0165 spracovanie pomocou technol\u00f3gi\u00ed Mediaboard AI pre OCR (optick\u00e9 rozpozn\u00e1vacie znakov), alebo prevod hlasu na text. Tieto technol\u00f3gie maj\u00fa 30 denn\u00fd limit uveden\u00fd v sekcii Moje \u010dl\u00e1nky. Pre zv\u00fd\u0161enie limitov je potrebn\u00e9 kontaktova\u0165 v\u00e1\u0161ho obchodn\u00e9ho z\u00e1stupcu.<\/p>\n\n\n\n<p>Po vytvoren\u00ed \u010dl\u00e1nku d\u00f4jde k jeho automatick\u00e9mu spracovaniu, ktor\u00e9ho s\u00fa\u010das\u0165ou je aj anal\u00fdza k\u013e\u00fa\u010dov\u00fdch slov. Doba spracovania z\u00e1le\u017e\u00ed napr. na ve\u013ekosti zdrojov\u00e9ho s\u00faboru. Priebeh spracovania m\u00f4\u017ee pou\u017e\u00edvate\u013e sledova\u0165 v Mojich \u010dl\u00e1nkoch. Po spracovan\u00ed sa \u010dl\u00e1nok zobraz\u00ed aj v sekcii Pr\u00edspevky a pod\u013ea k\u013e\u00fa\u010dov\u00fdch slov, ktor\u00e9 obsahuj\u00fa, s\u00fa raden\u00e9 do t\u00e9m.<\/p>\n\n\n\n<h2>Edit\u00e1cia<\/h2>\n\n\n\n<p>\u010cl\u00e1nok je mo\u017en\u00e9 editova\u0165 v sekcii Moje \u010dl\u00e1nky, ale u\u017e nie je mo\u017en\u00e9 meni\u0165 zdrojov\u00fd s\u00fabor. Pre zmenu zdrojov\u00e9ho s\u00faboru je potrebn\u00e9 \u010dl\u00e1nok odstr\u00e1ni\u0165 a vytvori\u0165 znovu s nov\u00fdm zdrojov\u00fdm s\u00faborom.<\/p>\n\n\n\n<h2>Analytika<\/h2>\n\n\n\n<p>Pou\u017e\u00edvate\u013eom vytvoren\u00e9 \u010dl\u00e1nky sa do analytiky prepisuj\u00fa iba v sekcii Po\u010det \u010dl\u00e1nkov, kde s\u00fa zaraden\u00e9 pod zvolen\u00fd mediatyp.<\/p>\n\n\n\n<h2>Uk\u00e1\u017eka<\/h2>\n\n\n\n<p><\/p>\n\n\n\n<figure class=\"wp-block-video\"><video controls src=\"https:\/\/help.mediaboard.com\/wp-content\/uploads\/2022\/01\/ukazka.mov\"><\/video><\/figure>\n","protected":false},"excerpt":{"rendered":"<p>Pou\u017e\u00edvate\u013e m\u00f4\u017ee v aplik\u00e1cii Mediaboard vytvori\u0165 vlastn\u00fd \u010dl\u00e1nok. Tento \u010dl\u00e1nok bude dostupn\u00fd iba pou\u017e\u00edvate\u013eom veden\u00fdm pod rovnak\u00fdm \u00fa\u010dtom. Tvorba \u010dl\u00e1nku \u010cl\u00e1nok mo\u017eno vytvori\u0165 pomocou tla\u010didla&#8230;<\/p>\n","protected":false},"author":1,"featured_media":0,"parent":1139,"menu_order":0,"comment_status":"closed","ping_status":"closed","template":"","meta":[],"_links":{"self":[{"href":"https:\/\/help.mediaboard.com\/sk\/wp-json\/wp\/v2\/pages\/2322\/"}],"collection":[{"href":"https:\/\/help.mediaboard.com\/sk\/wp-json\/wp\/v2\/pages\/"}],"about":[{"href":"https:\/\/help.mediaboard.com\/sk\/wp-json\/wp\/v2\/types\/page\/"}],"author":[{"embeddable":true,"href":"https:\/\/help.mediaboard.com\/sk\/wp-json\/wp\/v2\/users\/1\/"}],"replies":[{"embeddable":true,"href":"https:\/\/help.mediaboard.com\/sk\/wp-json\/wp\/v2\/comments\/?post=2322"}],"version-history":[{"count":3,"href":"https:\/\/help.mediaboard.com\/sk\/wp-json\/wp\/v2\/pages\/2322\/revisions\/"}],"predecessor-version":[{"id":2772,"href":"https:\/\/help.mediaboard.com\/sk\/wp-json\/wp\/v2\/pages\/2322\/revisions\/2772\/"}],"up":[{"embeddable":true,"href":"https:\/\/help.mediaboard.com\/sk\/wp-json\/wp\/v2\/pages\/1139\/"}],"wp:attachment":[{"href":"https:\/\/help.mediaboard.com\/sk\/wp-json\/wp\/v2\/media\/?parent=2322"}],"curies":[{"name":"wp","href":"https:\/\/api.w.org\/{rel}","templated":true}]}}