{"id":2342,"date":"2022-02-14T10:35:47","date_gmt":"2022-02-14T09:35:47","guid":{"rendered":"https:\/\/help.mediaboard.com\/?page_id=2342"},"modified":"2023-06-23T14:06:56","modified_gmt":"2023-06-23T12:06:56","slug":"nedohladany-clanok","status":"publish","type":"page","link":"https:\/\/help.mediaboard.com\/sk\/mediaboard\/ako-mediaboard-pouzivat\/nedohladany-clanok\/","title":{"rendered":"Nedoh\u013eadan\u00fd \u010dl\u00e1nok"},"content":{"rendered":"\n<p><em>Nedoh\u013eadan\u00fd \u010dl\u00e1nok si teraz m\u00f4\u017eete v aplik\u00e1cii Mediaboard jednoducho vyh\u013eada\u0165. Na vyh\u013eadanie potrebujete ma\u0165 odkaz na \u010dl\u00e1nok a vedie\u0165 t\u00e9mu, pod ktor\u00fdm \u010dl\u00e1nok ch\u00fdba. Odkaz m\u00f4\u017eete pou\u017ei\u0165 bu\u010f extern\u00fd, alebo m\u00f4\u017eete vyu\u017ei\u0165 odkaz na \u010dl\u00e1nok priamo v Mediaboard<\/em>u<em> (tzv. Mediaboard<\/em> <em>odkaz).<\/em><\/p>\n\n\n\n<p><em>Funkciu \u201cNedoh\u013eadan\u00fd \u010dl\u00e1nok\u201d <\/em>n\u00e1jdete<em> v sekcii Pr\u00edspevky, skryt\u00fa pod ikonou \u201cViac\u201d (tri bodky) v pravej hornej \u010dasti.<\/em><\/p>\n\n\n\n<p><em>Funkcia V\u00e1s tie\u017e upozorn\u00ed na <\/em>d\u00f4vody<em>, pre\u010do nebol dan\u00fd \u010dl\u00e1nok pod t\u00e9mou zaraden\u00fd.<\/em><\/p>\n\n\n\n<p>Ako presne funkciu \u201cNedoh\u013eadan\u00fd \u010dl\u00e1nok\u201d pou\u017ei\u0165, si m\u00f4\u017eete pozrie\u0165 vo videu ni\u017e\u0161ie.<\/p>\n\n\n\n<figure class=\"wp-block-video\"><video controls src=\"https:\/\/help.mediaboard.com\/wp-content\/uploads\/2022\/02\/nedohledany_clanek-1.mov\"><\/video><\/figure>\n\n\n\n<p><\/p>\n","protected":false},"excerpt":{"rendered":"<p>Nedoh\u013eadan\u00fd \u010dl\u00e1nok si teraz m\u00f4\u017eete v aplik\u00e1cii Mediaboard jednoducho vyh\u013eada\u0165. Na vyh\u013eadanie potrebujete ma\u0165 odkaz na \u010dl\u00e1nok a vedie\u0165 t\u00e9mu, pod ktor\u00fdm \u010dl\u00e1nok ch\u00fdba. Odkaz&#8230;<\/p>\n","protected":false},"author":1,"featured_media":0,"parent":1139,"menu_order":0,"comment_status":"closed","ping_status":"closed","template":"","meta":[],"_links":{"self":[{"href":"https:\/\/help.mediaboard.com\/sk\/wp-json\/wp\/v2\/pages\/2342\/"}],"collection":[{"href":"https:\/\/help.mediaboard.com\/sk\/wp-json\/wp\/v2\/pages\/"}],"about":[{"href":"https:\/\/help.mediaboard.com\/sk\/wp-json\/wp\/v2\/types\/page\/"}],"author":[{"embeddable":true,"href":"https:\/\/help.mediaboard.com\/sk\/wp-json\/wp\/v2\/users\/1\/"}],"replies":[{"embeddable":true,"href":"https:\/\/help.mediaboard.com\/sk\/wp-json\/wp\/v2\/comments\/?post=2342"}],"version-history":[{"count":3,"href":"https:\/\/help.mediaboard.com\/sk\/wp-json\/wp\/v2\/pages\/2342\/revisions\/"}],"predecessor-version":[{"id":2770,"href":"https:\/\/help.mediaboard.com\/sk\/wp-json\/wp\/v2\/pages\/2342\/revisions\/2770\/"}],"up":[{"embeddable":true,"href":"https:\/\/help.mediaboard.com\/sk\/wp-json\/wp\/v2\/pages\/1139\/"}],"wp:attachment":[{"href":"https:\/\/help.mediaboard.com\/sk\/wp-json\/wp\/v2\/media\/?parent=2342"}],"curies":[{"name":"wp","href":"https:\/\/api.w.org\/{rel}","templated":true}]}}